{"id":82,"date":"2025-08-12T00:59:00","date_gmt":"2025-08-12T03:59:00","guid":{"rendered":"https:\/\/mascarante.eba.ufmg.br\/?page_id=82"},"modified":"2026-04-16T08:54:21","modified_gmt":"2026-04-16T11:54:21","slug":"boas-vindas","status":"publish","type":"page","link":"https:\/\/mascarante.eba.ufmg.br\/index.php\/boas-vindas\/","title":{"rendered":"Boas vindas!"},"content":{"rendered":"\n<div class=\"wp-block-group alignwide has-global-padding is-layout-constrained wp-container-core-group-is-layout-639b5052 wp-block-group-is-layout-constrained\" style=\"padding-top:0;padding-right:0;padding-bottom:0;padding-left:0\">\n<div class=\"wp-block-group alignwide has-white-background-color has-background is-layout-flow wp-block-group-is-layout-flow\" style=\"padding-top:var(--wp--preset--spacing--50);padding-right:var(--wp--preset--spacing--50);padding-bottom:var(--wp--preset--spacing--50);padding-left:var(--wp--preset--spacing--50)\">\n<div class=\"wp-block-columns is-layout-flex wp-container-core-columns-is-layout-28f84493 wp-block-columns-is-layout-flex\">\n<div class=\"wp-block-column is-layout-flow wp-block-column-is-layout-flow\" style=\"flex-basis:30%\">\n<p class=\"has-text-align-center\"><strong>Sauda\u00e7\u00f5es!<\/strong><\/p>\n\n\n\n<figure class=\"wp-block-image aligncenter size-full\"><img loading=\"lazy\" decoding=\"async\" width=\"677\" height=\"895\" src=\"https:\/\/mascarante.eba.ufmg.br\/wp-content\/uploads\/2026\/04\/matheus.webp\" alt=\"\" class=\"wp-image-594\" style=\"aspect-ratio:0.7564520776712635;object-fit:cover\" srcset=\"https:\/\/mascarante.eba.ufmg.br\/wp-content\/uploads\/2026\/04\/matheus.webp 677w, https:\/\/mascarante.eba.ufmg.br\/wp-content\/uploads\/2026\/04\/matheus-227x300.webp 227w\" sizes=\"auto, (max-width: 677px) 100vw, 677px\" \/><\/figure>\n<\/div>\n\n\n\n<div class=\"wp-block-column is-layout-flow wp-block-column-is-layout-flow\" style=\"flex-basis:70%\">\n<p>Este \u00e9 o <strong>Portal Mascarante<\/strong>, uma entrada ao incr\u00edvel universo das m\u00e1scaras teatrais e performativas.<\/p>\n\n\n\n<p>O Portal Mascarante \u00e9 um espa\u00e7o de encontros e estudos com as m\u00e1scaras em suas teatralidades e performatividades, especialmente as brasileiras. Aqui estimulamos o fazer art\u00edstico c\u00eanico com m\u00e1scaras e mascaramentos expandidos, o ensino-aprendizagem, a pesquisa, a divulga\u00e7\u00e3o e a reflex\u00e3o com e sobre esta tem\u00e1tica, seja na rela\u00e7\u00e3o com os estudos das formas animadas no teatro, com os saberes da tradi\u00e7\u00e3o performativa ou mesmo em di\u00e1logos interdisciplinares.<\/p>\n\n\n\n<p>O Portal Mascarante \u00e9 uma realiza\u00e7\u00e3o do <a href=\"http:\/\/dgp.cnpq.br\/dgp\/espelhogrupo\/39478\">Grupo LAPA-UFMG\/CNPq<\/a> (Grupo de Pesquisa em Atua\u00e7\u00e3o C\u00eanica), liderado pela artista, pesquisadora e professora <a href=\"https:\/\/buscatextual.cnpq.br\/buscatextual\/visualizacv.do;jsessionid=8BEBBCA093FD8E06FB2AC8DCF77FFF85.buscatextual_0\">Bya Braga<\/a> (UFMG\/CNPq). Integram a realiza\u00e7\u00e3o do Portal as estudantes-pesquisadoras de Inicia\u00e7\u00e3o Cient\u00edfica: Domenica Morvillo, Bianca Freire, Julia de Oliveira Vasconcelos e Let\u00edcia Ara\u00fajo. As ilustra\u00e7\u00f5es e a logo que comp\u00f5em o portal, foram realizadas por Jaciara Marschner (Coletivo A.JACA). A fonte utilizada nos t\u00edtulos das p\u00e1ginas do portal \u00e9 a <a href=\"https:\/\/crystiancruz.myportfolio.com\/brasilero\">Brasil\u00earo<\/a>, criada em 1999 por Crystian Cruz.<\/p>\n\n\n\n<figure class=\"wp-block-image aligncenter size-full\"><img loading=\"lazy\" decoding=\"async\" width=\"300\" height=\"154\" src=\"https:\/\/mascarante.eba.ufmg.br\/wp-content\/uploads\/2025\/07\/logo-lapa-colorido.png\" alt=\"\" class=\"wp-image-36\"\/><\/figure>\n<\/div>\n<\/div>\n<\/div>\n<\/div>\n\n\n\n<div class=\"wp-block-group alignfull is-vertical is-content-justification-center is-layout-flex wp-container-core-group-is-layout-ce155fab wp-block-group-is-layout-flex\">\n<figure class=\"wp-block-image aligncenter size-large is-resized\"><img loading=\"lazy\" decoding=\"async\" width=\"848\" height=\"1024\" src=\"https:\/\/mascarante.eba.ufmg.br\/wp-content\/uploads\/2025\/07\/catirina-sem-fundo-pequeno-novo-848x1024.png\" alt=\"\" class=\"wp-image-42\" style=\"width:403px;height:auto\" srcset=\"https:\/\/mascarante.eba.ufmg.br\/wp-content\/uploads\/2025\/07\/catirina-sem-fundo-pequeno-novo-848x1024.png 848w, https:\/\/mascarante.eba.ufmg.br\/wp-content\/uploads\/2025\/07\/catirina-sem-fundo-pequeno-novo-249x300.png 249w, https:\/\/mascarante.eba.ufmg.br\/wp-content\/uploads\/2025\/07\/catirina-sem-fundo-pequeno-novo-768x927.png 768w, https:\/\/mascarante.eba.ufmg.br\/wp-content\/uploads\/2025\/07\/catirina-sem-fundo-pequeno-novo.png 961w\" sizes=\"auto, (max-width: 848px) 100vw, 848px\" \/><\/figure>\n<\/div>\n","protected":false},"excerpt":{"rendered":"<p>Sauda\u00e7\u00f5es! Este \u00e9 o Portal Mascarante, uma entrada ao incr\u00edvel universo das m\u00e1scaras teatrais e performativas. O Portal Mascarante \u00e9 um espa\u00e7o de encontros e estudos com as m\u00e1scaras em suas teatralidades e performatividades, especialmente as brasileiras. Aqui estimulamos o fazer art\u00edstico c\u00eanico com m\u00e1scaras e mascaramentos expandidos, o ensino-aprendizagem, a pesquisa, a divulga\u00e7\u00e3o e [&hellip;]<\/p>\n","protected":false},"author":1,"featured_media":0,"parent":0,"menu_order":0,"comment_status":"closed","ping_status":"closed","template":"","meta":{"mascarante_color":"#8a3ff2","mascarante_title_color":"","footnotes":""},"class_list":["post-82","page","type-page","status-publish","hentry"],"_links":{"self":[{"href":"https:\/\/mascarante.eba.ufmg.br\/index.php\/wp-json\/wp\/v2\/pages\/82","targetHints":{"allow":["GET"]}}],"collection":[{"href":"https:\/\/mascarante.eba.ufmg.br\/index.php\/wp-json\/wp\/v2\/pages"}],"about":[{"href":"https:\/\/mascarante.eba.ufmg.br\/index.php\/wp-json\/wp\/v2\/types\/page"}],"author":[{"embeddable":true,"href":"https:\/\/mascarante.eba.ufmg.br\/index.php\/wp-json\/wp\/v2\/users\/1"}],"replies":[{"embeddable":true,"href":"https:\/\/mascarante.eba.ufmg.br\/index.php\/wp-json\/wp\/v2\/comments?post=82"}],"version-history":[{"count":12,"href":"https:\/\/mascarante.eba.ufmg.br\/index.php\/wp-json\/wp\/v2\/pages\/82\/revisions"}],"predecessor-version":[{"id":598,"href":"https:\/\/mascarante.eba.ufmg.br\/index.php\/wp-json\/wp\/v2\/pages\/82\/revisions\/598"}],"wp:attachment":[{"href":"https:\/\/mascarante.eba.ufmg.br\/index.php\/wp-json\/wp\/v2\/media?parent=82"}],"curies":[{"name":"wp","href":"https:\/\/api.w.org\/{rel}","templated":true}]}}