{"id":489,"date":"2025-08-19T02:06:05","date_gmt":"2025-08-19T05:06:05","guid":{"rendered":"https:\/\/mascarante.eba.ufmg.br\/?page_id=489"},"modified":"2025-08-19T02:06:55","modified_gmt":"2025-08-19T05:06:55","slug":"alexandre-brum","status":"publish","type":"page","link":"https:\/\/mascarante.eba.ufmg.br\/index.php\/quem-somos-3\/alexandre-brum\/","title":{"rendered":"Alexandre Brum"},"content":{"rendered":"\n<div class=\"wp-block-group alignfull has-global-padding is-layout-constrained wp-block-group-is-layout-constrained\">\n<div class=\"wp-block-group alignwide has-global-padding is-layout-constrained wp-container-core-group-is-layout-639b5052 wp-block-group-is-layout-constrained\" style=\"padding-top:0;padding-right:0;padding-bottom:0;padding-left:0\">\n<div class=\"wp-block-columns alignwide is-layout-flex wp-container-core-columns-is-layout-28f84493 wp-block-columns-is-layout-flex\">\n<div class=\"wp-block-column is-layout-flow wp-block-column-is-layout-flow\" style=\"flex-basis:20%\">\n<figure class=\"wp-block-image aligncenter size-full is-resized\"><img loading=\"lazy\" decoding=\"async\" width=\"240\" height=\"240\" src=\"https:\/\/mascarante.eba.ufmg.br\/wp-content\/uploads\/2025\/08\/alexandre.webp\" alt=\"\" class=\"wp-image-490\" style=\"width:230px;height:auto\" srcset=\"https:\/\/mascarante.eba.ufmg.br\/wp-content\/uploads\/2025\/08\/alexandre.webp 240w, https:\/\/mascarante.eba.ufmg.br\/wp-content\/uploads\/2025\/08\/alexandre-150x150.webp 150w\" sizes=\"auto, (max-width: 240px) 100vw, 240px\" \/><\/figure>\n<\/div>\n\n\n\n<div class=\"wp-block-column is-layout-flow wp-block-column-is-layout-flow\" style=\"flex-basis:80%\">\n<div class=\"wp-block-group alignwide has-white-background-color has-background is-layout-flow wp-block-group-is-layout-flow\" style=\"padding-top:var(--wp--preset--spacing--50);padding-right:var(--wp--preset--spacing--50);padding-bottom:var(--wp--preset--spacing--50);padding-left:var(--wp--preset--spacing--50)\">\n<p><em><strong>Alexandre Brum Correa<\/strong> graduou-se em Teatro no DAD\/UFRGS. Viveu por 9 anos nem Londres, onde estudou M\u00edmica Corporal na \u00c9cole de Mime Corporel Dramatique, com Corine Soum e Steven Wasson; Le Jeau, Clown e Bouffon com Phillipe Gaulier.<\/em><\/p>\n\n\n\n<p>Possui in\u00fameras experi\u00eancias com expoentes do teatro f\u00edsico brasileiro e mundial. Especializou-se no estudo do corpo do ator e sua expressividade dilatada em cena, com d\u00e9cadas de estudos em diferentes tradi\u00e7\u00f5es e propostas de seu uso. Atua tanto no campo investigativo como pedag\u00f3gico da M\u00edmica Corporal, performando e produzindo artigos. Em 2018, em resid\u00eancia art\u00edstica e de pesquisa sobre a M\u00edmica Corporal nos EUA, performou com Bya Braga, \u201cIt Takes Two to Tangle\u201d, no Dixon Place, Nova Iorque. Bya e Alexandre nomearam seu trabalho de mais de uma d\u00e9cada como Duo Mimexe.<\/p>\n\n\n\n<p>Entre seus \u00faltimos trabalhos destacam-se A Cadeira do Ausente Revisitada, parte da programa\u00e7\u00e3o do Memorial Minas Vale e a estreia de \u00d4 Ben\u00e7a! no 4\u00ba Festival Internacional de M\u00e1scaras do Crato, FIMC, pe\u00e7a baseada na hist\u00f3ria real de artes\u00e3 do Vale do Jequitinhonha que n\u00e3o possu\u00eda um banheiro em casa.<\/p>\n\n\n\n<p>Alexandre \u00e9 ator contratado como dublador da Scriptus Comunica\u00e7\u00e3o, com sede em Belo Horizonte.<\/p>\n<\/div>\n<\/div>\n<\/div>\n<\/div>\n\n\n\n<div class=\"wp-block-group alignfull is-vertical is-content-justification-center is-layout-flex wp-container-core-group-is-layout-ce155fab wp-block-group-is-layout-flex\">\n<figure class=\"wp-block-image aligncenter size-full is-resized\"><img loading=\"lazy\" decoding=\"async\" width=\"1890\" height=\"1417\" src=\"https:\/\/mascarante.eba.ufmg.br\/wp-content\/uploads\/2025\/08\/pirro-e-boi-sem-fundo-pequeno.webp\" alt=\"\" class=\"wp-image-419\" style=\"width:939px;height:auto\" srcset=\"https:\/\/mascarante.eba.ufmg.br\/wp-content\/uploads\/2025\/08\/pirro-e-boi-sem-fundo-pequeno.webp 1890w, https:\/\/mascarante.eba.ufmg.br\/wp-content\/uploads\/2025\/08\/pirro-e-boi-sem-fundo-pequeno-300x225.webp 300w, https:\/\/mascarante.eba.ufmg.br\/wp-content\/uploads\/2025\/08\/pirro-e-boi-sem-fundo-pequeno-1024x768.webp 1024w, https:\/\/mascarante.eba.ufmg.br\/wp-content\/uploads\/2025\/08\/pirro-e-boi-sem-fundo-pequeno-768x576.webp 768w, https:\/\/mascarante.eba.ufmg.br\/wp-content\/uploads\/2025\/08\/pirro-e-boi-sem-fundo-pequeno-1536x1152.webp 1536w\" sizes=\"auto, (max-width: 1890px) 100vw, 1890px\" \/><\/figure>\n<\/div>\n<\/div>\n","protected":false},"excerpt":{"rendered":"<p>Alexandre Brum Correa graduou-se em Teatro no DAD\/UFRGS. Viveu por 9 anos nem Londres, onde estudou M\u00edmica Corporal na \u00c9cole de Mime Corporel Dramatique, com Corine Soum e Steven Wasson; Le Jeau, Clown e Bouffon com Phillipe Gaulier. Possui in\u00fameras experi\u00eancias com expoentes do teatro f\u00edsico brasileiro e mundial. Especializou-se no estudo do corpo do [&hellip;]<\/p>\n","protected":false},"author":1,"featured_media":0,"parent":400,"menu_order":0,"comment_status":"closed","ping_status":"closed","template":"","meta":{"mascarante_color":"#f1ca03","mascarante_title_color":"","footnotes":""},"class_list":["post-489","page","type-page","status-publish","hentry"],"_links":{"self":[{"href":"https:\/\/mascarante.eba.ufmg.br\/index.php\/wp-json\/wp\/v2\/pages\/489","targetHints":{"allow":["GET"]}}],"collection":[{"href":"https:\/\/mascarante.eba.ufmg.br\/index.php\/wp-json\/wp\/v2\/pages"}],"about":[{"href":"https:\/\/mascarante.eba.ufmg.br\/index.php\/wp-json\/wp\/v2\/types\/page"}],"author":[{"embeddable":true,"href":"https:\/\/mascarante.eba.ufmg.br\/index.php\/wp-json\/wp\/v2\/users\/1"}],"replies":[{"embeddable":true,"href":"https:\/\/mascarante.eba.ufmg.br\/index.php\/wp-json\/wp\/v2\/comments?post=489"}],"version-history":[{"count":2,"href":"https:\/\/mascarante.eba.ufmg.br\/index.php\/wp-json\/wp\/v2\/pages\/489\/revisions"}],"predecessor-version":[{"id":492,"href":"https:\/\/mascarante.eba.ufmg.br\/index.php\/wp-json\/wp\/v2\/pages\/489\/revisions\/492"}],"up":[{"embeddable":true,"href":"https:\/\/mascarante.eba.ufmg.br\/index.php\/wp-json\/wp\/v2\/pages\/400"}],"wp:attachment":[{"href":"https:\/\/mascarante.eba.ufmg.br\/index.php\/wp-json\/wp\/v2\/media?parent=489"}],"curies":[{"name":"wp","href":"https:\/\/api.w.org\/{rel}","templated":true}]}}