{"id":486,"date":"2025-08-19T02:03:52","date_gmt":"2025-08-19T05:03:52","guid":{"rendered":"https:\/\/mascarante.eba.ufmg.br\/?page_id=486"},"modified":"2025-12-15T20:57:43","modified_gmt":"2025-12-15T23:57:43","slug":"leticia-araujo","status":"publish","type":"page","link":"https:\/\/mascarante.eba.ufmg.br\/index.php\/quem-somos-3\/leticia-araujo\/","title":{"rendered":"Let\u00edcia Ara\u00fajo"},"content":{"rendered":"\n<div class=\"wp-block-group alignfull has-global-padding is-layout-constrained wp-block-group-is-layout-constrained\">\n<div class=\"wp-block-group alignwide has-global-padding is-layout-constrained wp-container-core-group-is-layout-639b5052 wp-block-group-is-layout-constrained\" style=\"padding-top:0;padding-right:0;padding-bottom:0;padding-left:0\">\n<div class=\"wp-block-columns alignwide is-layout-flex wp-container-core-columns-is-layout-28f84493 wp-block-columns-is-layout-flex\">\n<div class=\"wp-block-column is-layout-flow wp-block-column-is-layout-flow\" style=\"flex-basis:20%\">\n<figure class=\"wp-block-image aligncenter size-full is-resized\"><img loading=\"lazy\" decoding=\"async\" width=\"300\" height=\"300\" src=\"https:\/\/mascarante.eba.ufmg.br\/wp-content\/uploads\/2025\/08\/leticia.webp\" alt=\"\" class=\"wp-image-487\" style=\"width:230px;height:auto\" srcset=\"https:\/\/mascarante.eba.ufmg.br\/wp-content\/uploads\/2025\/08\/leticia.webp 300w, https:\/\/mascarante.eba.ufmg.br\/wp-content\/uploads\/2025\/08\/leticia-150x150.webp 150w\" sizes=\"auto, (max-width: 300px) 100vw, 300px\" \/><\/figure>\n<\/div>\n\n\n\n<div class=\"wp-block-column is-layout-flow wp-block-column-is-layout-flow\" style=\"flex-basis:80%\">\n<div class=\"wp-block-group alignwide has-white-background-color has-background is-layout-flow wp-block-group-is-layout-flow\" style=\"padding-top:var(--wp--preset--spacing--50);padding-right:var(--wp--preset--spacing--50);padding-bottom:var(--wp--preset--spacing--50);padding-left:var(--wp--preset--spacing--50)\">\n<p><strong>Let\u00edcia Ara\u00fajo<\/strong> \u00e9 atriz, dramaturga, diretora e mascareira, formada pelo Teatro Universit\u00e1rio da UFMG (2012), com o espet\u00e1culo Pequenos Romances, dirigido por Tarc\u00edsio Ramos Homem. Atualmente, \u00e9 graduanda em Teatro na Escola de Belas Artes da UFMG. J\u00e1 participou de diversas pe\u00e7as teatrais, destacando-se em algumas como Tudo que eu queria te dizer, dire\u00e7\u00e3o de Ana Nery Carvalho, pelo qual recebeu o pr\u00eamio Sinparc\/MG de melhor atriz coadjuvante em 2013. Trabalhou com o grupo de teatro Bondr\u00e9s no RJ (2015), participando da pe\u00e7a EPA, estudos para quase nada!, com dire\u00e7\u00e3o de Fabianna de Mello e Souza. Seus trabalhos mais recentes como atriz incluem \u201cA casa de Bernarda Alba\u201d (2024-2025), dire\u00e7\u00e3o de Mariana Lima Muniz, e Surpresa! (2021-2025), dire\u00e7\u00e3o de Ana Nery Carvalho. Participou de in\u00fameras oficinas, destacando-se as de Treinamento do ator com a linguagem da m\u00e1scara teatral, Aprofundamento e confec\u00e7\u00e3o de m\u00e1scaras com o Grupo Moitar\u00e1 (RJ), nos anos de 2013, 2014 e 2015. Tamb\u00e9m fez a oficina Dramaturgia do ator com t\u00e9cnicas de com\u00e9dia Dell\u2019Arte, com o ator Enrico Bonavera.<\/p>\n\n\n\n<p>Em Das tradi\u00e7\u00f5es seculares do teatro oriental: as aplica\u00e7\u00f5es pr\u00e1ticas do ator contempor\u00e2neo, com Fabianna de Mello e Souza e a Cia Teatral Os Bondr\u00e9s. Na \u00e1rea da palha\u00e7aria, participou das oficinas Os caminhos do palha\u00e7o, com Rodrigo Roble\u00f1o, e Estado de Palha\u00e7@, com Rafaela Azevedo (2019 \u2013 presencial e 2020 \u2013 remota). Em 2024, participou da oficina \u201cPercursos e\/ ou recorridos: Procedimentos e pensamentos no Teatro de Grupo da Am\u00e9rica Latina\u201d, com Fernando Yamamoto, no Encontro Latino-Americano de Teatro. Como diretora e dramaturga, assina a pe\u00e7a \u201cCampo de Mandinga\u201d, que teve sua estreia em 2023. \u00c9 integrante do grupo \u00c0s Avessas, no qual dirigiu o espet\u00e1culo No Reino de Calama\u00e7o (2024). Sua principal linha de pesquisa \u00e9 o estudo dos mascaramentos e da cultura popular.<\/p>\n\n\n\n<p>Cen\u00f3grafa e Mestre em Artes C\u00eanicas pela UNIRIO, formada pelo Programa Fundamenta\u00e7\u00e3o da Escola de Artes Visuais do Parque Lage e Doutora em Artes Visuais pela UFRJ. Professora na \u00e1rea de Composi\u00e7\u00e3o Art\u00edstica (Cenografia e Figurino) no Departamento de Artes C\u00eanicas do Instituto de Artes da UNICAMP, tamb\u00e9m professora no Programa de P\u00f3s-Gradua\u00e7\u00e3o em Artes da Cena da mesma institui\u00e7\u00e3o.<\/p>\n<\/div>\n<\/div>\n<\/div>\n<\/div>\n\n\n\n<div class=\"wp-block-group alignfull is-vertical is-content-justification-center is-layout-flex wp-container-core-group-is-layout-ce155fab wp-block-group-is-layout-flex\">\n<figure class=\"wp-block-image aligncenter size-full is-resized\"><img loading=\"lazy\" decoding=\"async\" width=\"1890\" height=\"1417\" src=\"https:\/\/mascarante.eba.ufmg.br\/wp-content\/uploads\/2025\/08\/pirro-e-boi-sem-fundo-pequeno.webp\" alt=\"\" class=\"wp-image-419\" style=\"width:939px;height:auto\" srcset=\"https:\/\/mascarante.eba.ufmg.br\/wp-content\/uploads\/2025\/08\/pirro-e-boi-sem-fundo-pequeno.webp 1890w, https:\/\/mascarante.eba.ufmg.br\/wp-content\/uploads\/2025\/08\/pirro-e-boi-sem-fundo-pequeno-300x225.webp 300w, https:\/\/mascarante.eba.ufmg.br\/wp-content\/uploads\/2025\/08\/pirro-e-boi-sem-fundo-pequeno-1024x768.webp 1024w, https:\/\/mascarante.eba.ufmg.br\/wp-content\/uploads\/2025\/08\/pirro-e-boi-sem-fundo-pequeno-768x576.webp 768w, https:\/\/mascarante.eba.ufmg.br\/wp-content\/uploads\/2025\/08\/pirro-e-boi-sem-fundo-pequeno-1536x1152.webp 1536w\" sizes=\"auto, (max-width: 1890px) 100vw, 1890px\" \/><\/figure>\n<\/div>\n<\/div>\n","protected":false},"excerpt":{"rendered":"<p>Let\u00edcia Ara\u00fajo \u00e9 atriz, dramaturga, diretora e mascareira, formada pelo Teatro Universit\u00e1rio da UFMG (2012), com o espet\u00e1culo Pequenos Romances, dirigido por Tarc\u00edsio Ramos Homem. Atualmente, \u00e9 graduanda em Teatro na Escola de Belas Artes da UFMG. J\u00e1 participou de diversas pe\u00e7as teatrais, destacando-se em algumas como Tudo que eu queria te dizer, dire\u00e7\u00e3o de [&hellip;]<\/p>\n","protected":false},"author":1,"featured_media":0,"parent":400,"menu_order":0,"comment_status":"closed","ping_status":"closed","template":"","meta":{"mascarante_color":"#f1ca03","mascarante_title_color":"#000000","footnotes":""},"class_list":["post-486","page","type-page","status-publish","hentry"],"_links":{"self":[{"href":"https:\/\/mascarante.eba.ufmg.br\/index.php\/wp-json\/wp\/v2\/pages\/486","targetHints":{"allow":["GET"]}}],"collection":[{"href":"https:\/\/mascarante.eba.ufmg.br\/index.php\/wp-json\/wp\/v2\/pages"}],"about":[{"href":"https:\/\/mascarante.eba.ufmg.br\/index.php\/wp-json\/wp\/v2\/types\/page"}],"author":[{"embeddable":true,"href":"https:\/\/mascarante.eba.ufmg.br\/index.php\/wp-json\/wp\/v2\/users\/1"}],"replies":[{"embeddable":true,"href":"https:\/\/mascarante.eba.ufmg.br\/index.php\/wp-json\/wp\/v2\/comments?post=486"}],"version-history":[{"count":1,"href":"https:\/\/mascarante.eba.ufmg.br\/index.php\/wp-json\/wp\/v2\/pages\/486\/revisions"}],"predecessor-version":[{"id":488,"href":"https:\/\/mascarante.eba.ufmg.br\/index.php\/wp-json\/wp\/v2\/pages\/486\/revisions\/488"}],"up":[{"embeddable":true,"href":"https:\/\/mascarante.eba.ufmg.br\/index.php\/wp-json\/wp\/v2\/pages\/400"}],"wp:attachment":[{"href":"https:\/\/mascarante.eba.ufmg.br\/index.php\/wp-json\/wp\/v2\/media?parent=486"}],"curies":[{"name":"wp","href":"https:\/\/api.w.org\/{rel}","templated":true}]}}