{"id":483,"date":"2025-08-19T02:00:03","date_gmt":"2025-08-19T05:00:03","guid":{"rendered":"https:\/\/mascarante.eba.ufmg.br\/?page_id=483"},"modified":"2025-08-19T02:00:03","modified_gmt":"2025-08-19T05:00:03","slug":"erika-schwarz","status":"publish","type":"page","link":"https:\/\/mascarante.eba.ufmg.br\/index.php\/quem-somos-3\/erika-schwarz\/","title":{"rendered":"Erika Schwarz"},"content":{"rendered":"\n<div class=\"wp-block-group alignfull has-global-padding is-layout-constrained wp-block-group-is-layout-constrained\">\n<div class=\"wp-block-group alignwide has-global-padding is-layout-constrained wp-container-core-group-is-layout-639b5052 wp-block-group-is-layout-constrained\" style=\"padding-top:0;padding-right:0;padding-bottom:0;padding-left:0\">\n<div class=\"wp-block-columns alignwide is-layout-flex wp-container-core-columns-is-layout-28f84493 wp-block-columns-is-layout-flex\">\n<div class=\"wp-block-column is-layout-flow wp-block-column-is-layout-flow\" style=\"flex-basis:20%\">\n<figure class=\"wp-block-image aligncenter size-full is-resized\"><img loading=\"lazy\" decoding=\"async\" width=\"300\" height=\"300\" src=\"https:\/\/mascarante.eba.ufmg.br\/wp-content\/uploads\/2025\/08\/erika.webp\" alt=\"\" class=\"wp-image-484\" style=\"width:230px;height:auto\" srcset=\"https:\/\/mascarante.eba.ufmg.br\/wp-content\/uploads\/2025\/08\/erika.webp 300w, https:\/\/mascarante.eba.ufmg.br\/wp-content\/uploads\/2025\/08\/erika-150x150.webp 150w\" sizes=\"auto, (max-width: 300px) 100vw, 300px\" \/><\/figure>\n<\/div>\n\n\n\n<div class=\"wp-block-column is-layout-flow wp-block-column-is-layout-flow\" style=\"flex-basis:80%\">\n<div class=\"wp-block-group alignwide has-white-background-color has-background is-layout-flow wp-block-group-is-layout-flow\" style=\"padding-top:var(--wp--preset--spacing--50);padding-right:var(--wp--preset--spacing--50);padding-bottom:var(--wp--preset--spacing--50);padding-left:var(--wp--preset--spacing--50)\">\n<p>Cen\u00f3grafa e Mestre em Artes C\u00eanicas pela UNIRIO, formada pelo Programa Fundamenta\u00e7\u00e3o da Escola de Artes Visuais do Parque Lage e Doutora em Artes Visuais pela UFRJ. Professora na \u00e1rea de Composi\u00e7\u00e3o Art\u00edstica (Cenografia e Figurino) no Departamento de Artes C\u00eanicas do Instituto de Artes da UNICAMP, tamb\u00e9m professora no Programa de P\u00f3s-Gradua\u00e7\u00e3o em Artes da Cena da mesma institui\u00e7\u00e3o.<\/p>\n\n\n\n<p>Desenvolve pesquisa sobre a pr\u00e1tica e o ensino do desenho da cena na contemporaneidade, interessada em pedagogias ecol\u00f3gicas e na ativa\u00e7\u00e3o de comunidades criativas. Tamb\u00e9m pesquisa mascaramentos e figurinos em contextos transdisciplinares e expandidos, aproximando Artes C\u00eanicas e Visuais.<\/p>\n\n\n\n<p>Apresentou trabalhos na Quadrienal de Praga (2023; 2019; 2015; 2011), World Stage Design (2022; 2011), World Costume in Action (2024), Critical Costume (2022; 2015; 2013), Layering Reality: the Right to Mask \u2013 a Gathering Scenography Symposium (2013), MIRADA \u2013 Festival Ibero-Americano de Artes C\u00eanicas (2019), entre outros.<\/p>\n<\/div>\n<\/div>\n<\/div>\n<\/div>\n\n\n\n<div class=\"wp-block-group alignfull is-vertical is-content-justification-center is-layout-flex wp-container-core-group-is-layout-ce155fab wp-block-group-is-layout-flex\">\n<figure class=\"wp-block-image aligncenter size-full is-resized\"><img loading=\"lazy\" decoding=\"async\" width=\"1890\" height=\"1417\" src=\"https:\/\/mascarante.eba.ufmg.br\/wp-content\/uploads\/2025\/08\/pirro-e-boi-sem-fundo-pequeno.webp\" alt=\"\" class=\"wp-image-419\" style=\"width:939px;height:auto\" srcset=\"https:\/\/mascarante.eba.ufmg.br\/wp-content\/uploads\/2025\/08\/pirro-e-boi-sem-fundo-pequeno.webp 1890w, https:\/\/mascarante.eba.ufmg.br\/wp-content\/uploads\/2025\/08\/pirro-e-boi-sem-fundo-pequeno-300x225.webp 300w, https:\/\/mascarante.eba.ufmg.br\/wp-content\/uploads\/2025\/08\/pirro-e-boi-sem-fundo-pequeno-1024x768.webp 1024w, https:\/\/mascarante.eba.ufmg.br\/wp-content\/uploads\/2025\/08\/pirro-e-boi-sem-fundo-pequeno-768x576.webp 768w, https:\/\/mascarante.eba.ufmg.br\/wp-content\/uploads\/2025\/08\/pirro-e-boi-sem-fundo-pequeno-1536x1152.webp 1536w\" sizes=\"auto, (max-width: 1890px) 100vw, 1890px\" \/><\/figure>\n<\/div>\n<\/div>\n","protected":false},"excerpt":{"rendered":"<p>Cen\u00f3grafa e Mestre em Artes C\u00eanicas pela UNIRIO, formada pelo Programa Fundamenta\u00e7\u00e3o da Escola de Artes Visuais do Parque Lage e Doutora em Artes Visuais pela UFRJ. Professora na \u00e1rea de Composi\u00e7\u00e3o Art\u00edstica (Cenografia e Figurino) no Departamento de Artes C\u00eanicas do Instituto de Artes da UNICAMP, tamb\u00e9m professora no Programa de P\u00f3s-Gradua\u00e7\u00e3o em Artes [&hellip;]<\/p>\n","protected":false},"author":1,"featured_media":0,"parent":400,"menu_order":0,"comment_status":"closed","ping_status":"closed","template":"","meta":{"mascarante_color":"#f1ca03","mascarante_title_color":"","footnotes":""},"class_list":["post-483","page","type-page","status-publish","hentry"],"_links":{"self":[{"href":"https:\/\/mascarante.eba.ufmg.br\/index.php\/wp-json\/wp\/v2\/pages\/483","targetHints":{"allow":["GET"]}}],"collection":[{"href":"https:\/\/mascarante.eba.ufmg.br\/index.php\/wp-json\/wp\/v2\/pages"}],"about":[{"href":"https:\/\/mascarante.eba.ufmg.br\/index.php\/wp-json\/wp\/v2\/types\/page"}],"author":[{"embeddable":true,"href":"https:\/\/mascarante.eba.ufmg.br\/index.php\/wp-json\/wp\/v2\/users\/1"}],"replies":[{"embeddable":true,"href":"https:\/\/mascarante.eba.ufmg.br\/index.php\/wp-json\/wp\/v2\/comments?post=483"}],"version-history":[{"count":1,"href":"https:\/\/mascarante.eba.ufmg.br\/index.php\/wp-json\/wp\/v2\/pages\/483\/revisions"}],"predecessor-version":[{"id":485,"href":"https:\/\/mascarante.eba.ufmg.br\/index.php\/wp-json\/wp\/v2\/pages\/483\/revisions\/485"}],"up":[{"embeddable":true,"href":"https:\/\/mascarante.eba.ufmg.br\/index.php\/wp-json\/wp\/v2\/pages\/400"}],"wp:attachment":[{"href":"https:\/\/mascarante.eba.ufmg.br\/index.php\/wp-json\/wp\/v2\/media?parent=483"}],"curies":[{"name":"wp","href":"https:\/\/api.w.org\/{rel}","templated":true}]}}