{"id":477,"date":"2025-08-19T01:55:33","date_gmt":"2025-08-19T04:55:33","guid":{"rendered":"https:\/\/mascarante.eba.ufmg.br\/?page_id=477"},"modified":"2025-08-19T01:56:48","modified_gmt":"2025-08-19T04:56:48","slug":"cecilia-zarue","status":"publish","type":"page","link":"https:\/\/mascarante.eba.ufmg.br\/index.php\/quem-somos-3\/cecilia-zarue\/","title":{"rendered":"Cec\u00edlia Zaru\u00ea"},"content":{"rendered":"\n<div class=\"wp-block-group alignfull has-global-padding is-layout-constrained wp-block-group-is-layout-constrained\">\n<div class=\"wp-block-group alignwide has-global-padding is-layout-constrained wp-container-core-group-is-layout-639b5052 wp-block-group-is-layout-constrained\" style=\"padding-top:0;padding-right:0;padding-bottom:0;padding-left:0\">\n<div class=\"wp-block-columns alignwide is-layout-flex wp-container-core-columns-is-layout-28f84493 wp-block-columns-is-layout-flex\">\n<div class=\"wp-block-column is-layout-flow wp-block-column-is-layout-flow\" style=\"flex-basis:20%\">\n<figure class=\"wp-block-image aligncenter size-full is-resized\"><img loading=\"lazy\" decoding=\"async\" width=\"200\" height=\"300\" src=\"https:\/\/mascarante.eba.ufmg.br\/wp-content\/uploads\/2025\/08\/Cecilia.webp\" alt=\"\" class=\"wp-image-478\" style=\"width:230px;height:auto\"\/><\/figure>\n<\/div>\n\n\n\n<div class=\"wp-block-column is-layout-flow wp-block-column-is-layout-flow\" style=\"flex-basis:80%\">\n<div class=\"wp-block-group alignwide has-white-background-color has-background is-layout-flow wp-block-group-is-layout-flow\" style=\"padding-top:var(--wp--preset--spacing--50);padding-right:var(--wp--preset--spacing--50);padding-bottom:var(--wp--preset--spacing--50);padding-left:var(--wp--preset--spacing--50)\">\n<p><strong>Cec\u00edlia Saru\u00ea<\/strong> \u00e9 artista c\u00eanica, educadora, pesquisadora e produtora, natural de Vila Velha\/ES. Durante sua forma\u00e7\u00e3o estudou na FAFI \u2013 Escola T\u00e9cnica de Teatro, Dan\u00e7a e M\u00fasica (Vit\u00f3ria), na Escola Livre de Artes Arena da Cultura e no Cicalt (ambos em Belo Horizonte). Licenciada em Letras pela UFES, P\u00f3s Gradua\u00e7\u00e3o em M\u00eddias na Educa\u00e7\u00e3o pela UFSJ e \u00e9 graduanda de Licenciatura em Teatro pela UFMG.<\/p>\n\n\n\n<p>Atua nas \u00e1reas de Cultura e Educa\u00e7\u00e3o desde 2017. Nas C\u00eanicas, trabalha e pesquisa, principalmente, teatro de rua, m\u00e1scara, performance, circo e dan\u00e7a. Atualmente, realiza monitoria pr\u00e1tica e te\u00f3rica em sala de aula junto da docente Bya Braga na UFMG, al\u00e9m de desenvolver projetos independes ou com editais\/leis de fomento\/incentivo \u00e0 Cultura.<\/p>\n<\/div>\n<\/div>\n<\/div>\n<\/div>\n\n\n\n<div class=\"wp-block-group alignfull is-vertical is-content-justification-center is-layout-flex wp-container-core-group-is-layout-ce155fab wp-block-group-is-layout-flex\">\n<figure class=\"wp-block-image aligncenter size-full is-resized\"><img loading=\"lazy\" decoding=\"async\" width=\"1890\" height=\"1417\" src=\"https:\/\/mascarante.eba.ufmg.br\/wp-content\/uploads\/2025\/08\/pirro-e-boi-sem-fundo-pequeno.webp\" alt=\"\" class=\"wp-image-419\" style=\"width:939px;height:auto\" srcset=\"https:\/\/mascarante.eba.ufmg.br\/wp-content\/uploads\/2025\/08\/pirro-e-boi-sem-fundo-pequeno.webp 1890w, https:\/\/mascarante.eba.ufmg.br\/wp-content\/uploads\/2025\/08\/pirro-e-boi-sem-fundo-pequeno-300x225.webp 300w, https:\/\/mascarante.eba.ufmg.br\/wp-content\/uploads\/2025\/08\/pirro-e-boi-sem-fundo-pequeno-1024x768.webp 1024w, https:\/\/mascarante.eba.ufmg.br\/wp-content\/uploads\/2025\/08\/pirro-e-boi-sem-fundo-pequeno-768x576.webp 768w, https:\/\/mascarante.eba.ufmg.br\/wp-content\/uploads\/2025\/08\/pirro-e-boi-sem-fundo-pequeno-1536x1152.webp 1536w\" sizes=\"auto, (max-width: 1890px) 100vw, 1890px\" \/><\/figure>\n<\/div>\n<\/div>\n","protected":false},"excerpt":{"rendered":"<p>Cec\u00edlia Saru\u00ea \u00e9 artista c\u00eanica, educadora, pesquisadora e produtora, natural de Vila Velha\/ES. Durante sua forma\u00e7\u00e3o estudou na FAFI \u2013 Escola T\u00e9cnica de Teatro, Dan\u00e7a e M\u00fasica (Vit\u00f3ria), na Escola Livre de Artes Arena da Cultura e no Cicalt (ambos em Belo Horizonte). Licenciada em Letras pela UFES, P\u00f3s Gradua\u00e7\u00e3o em M\u00eddias na Educa\u00e7\u00e3o pela [&hellip;]<\/p>\n","protected":false},"author":1,"featured_media":0,"parent":400,"menu_order":0,"comment_status":"closed","ping_status":"closed","template":"","meta":{"mascarante_color":"#f1ca03","mascarante_title_color":"","footnotes":""},"class_list":["post-477","page","type-page","status-publish","hentry"],"_links":{"self":[{"href":"https:\/\/mascarante.eba.ufmg.br\/index.php\/wp-json\/wp\/v2\/pages\/477","targetHints":{"allow":["GET"]}}],"collection":[{"href":"https:\/\/mascarante.eba.ufmg.br\/index.php\/wp-json\/wp\/v2\/pages"}],"about":[{"href":"https:\/\/mascarante.eba.ufmg.br\/index.php\/wp-json\/wp\/v2\/types\/page"}],"author":[{"embeddable":true,"href":"https:\/\/mascarante.eba.ufmg.br\/index.php\/wp-json\/wp\/v2\/users\/1"}],"replies":[{"embeddable":true,"href":"https:\/\/mascarante.eba.ufmg.br\/index.php\/wp-json\/wp\/v2\/comments?post=477"}],"version-history":[{"count":3,"href":"https:\/\/mascarante.eba.ufmg.br\/index.php\/wp-json\/wp\/v2\/pages\/477\/revisions"}],"predecessor-version":[{"id":482,"href":"https:\/\/mascarante.eba.ufmg.br\/index.php\/wp-json\/wp\/v2\/pages\/477\/revisions\/482"}],"up":[{"embeddable":true,"href":"https:\/\/mascarante.eba.ufmg.br\/index.php\/wp-json\/wp\/v2\/pages\/400"}],"wp:attachment":[{"href":"https:\/\/mascarante.eba.ufmg.br\/index.php\/wp-json\/wp\/v2\/media?parent=477"}],"curies":[{"name":"wp","href":"https:\/\/api.w.org\/{rel}","templated":true}]}}