{"id":473,"date":"2025-08-19T01:51:00","date_gmt":"2025-08-19T04:51:00","guid":{"rendered":"https:\/\/mascarante.eba.ufmg.br\/?page_id=473"},"modified":"2025-08-19T01:56:10","modified_gmt":"2025-08-19T04:56:10","slug":"bianca-freire","status":"publish","type":"page","link":"https:\/\/mascarante.eba.ufmg.br\/index.php\/quem-somos-3\/bianca-freire\/","title":{"rendered":"Bianca Freire"},"content":{"rendered":"\n<div class=\"wp-block-group alignfull has-global-padding is-layout-constrained wp-block-group-is-layout-constrained\">\n<div class=\"wp-block-group alignwide has-global-padding is-layout-constrained wp-container-core-group-is-layout-639b5052 wp-block-group-is-layout-constrained\" style=\"padding-top:0;padding-right:0;padding-bottom:0;padding-left:0\">\n<div class=\"wp-block-columns alignwide is-layout-flex wp-container-core-columns-is-layout-28f84493 wp-block-columns-is-layout-flex\">\n<div class=\"wp-block-column is-layout-flow wp-block-column-is-layout-flow\" style=\"flex-basis:20%\">\n<figure class=\"wp-block-image aligncenter size-full is-resized\"><img loading=\"lazy\" decoding=\"async\" width=\"300\" height=\"288\" src=\"https:\/\/mascarante.eba.ufmg.br\/wp-content\/uploads\/2025\/08\/Bianca-e1742488167802.webp\" alt=\"\" class=\"wp-image-474\" style=\"width:230px;height:auto\"\/><\/figure>\n<\/div>\n\n\n\n<div class=\"wp-block-column is-layout-flow wp-block-column-is-layout-flow\" style=\"flex-basis:80%\">\n<div class=\"wp-block-group alignwide has-white-background-color has-background is-layout-flow wp-block-group-is-layout-flow\" style=\"padding-top:var(--wp--preset--spacing--50);padding-right:var(--wp--preset--spacing--50);padding-bottom:var(--wp--preset--spacing--50);padding-left:var(--wp--preset--spacing--50)\">\n<p><strong>Bianca Freire<\/strong> \u00e9 atriz, palha\u00e7a, professora, escrevinhadora e produtora cultural. Cresceu em Virgem da Lapa, no Vale do Jequitinhonha-MG, onde mora sua maior inspira\u00e7\u00e3o art\u00edstica. Na inf\u00e2ncia, dividiu-se entre tentar fugir com o circo, dublar novelas e apresentar show de intervalo na frente da TV. Foi tamb\u00e9m trapezista de galhos de \u00e1rvore e equilibrista de rachaduras no ch\u00e3o.<\/p>\n\n\n\n<p>Hoje, \u00e9 atriz formada em teatro pelo Teatro Universit\u00e1rio da UFMG, onde tamb\u00e9m cursa licenciatura em Teatro e se dedica \u00e0 pesquisa de m\u00e1scaras. Leciona teatro popular e teatro de cordel na Confesso Escola de Teatro. Estudou Ci\u00eancias Sociais, Letras e largou tudo para ser palha\u00e7a.Para aprender palavras novas e lembrar das antigas, come\u00e7ou a escrever cr\u00f4nicas e cord\u00e9is, e \u00e9 assim que mastiga a vida. Foi terceira finalista do pr\u00eamio de poesia do Festivale em 2022, autora do livro <strong>\u201cJalenas\u201d<\/strong>, dispon\u00edvel online, e est\u00e1 em cartaz com a pe\u00e7a <strong>\u201c3 Contos de Amor\u201d<\/strong>, pe\u00e7a elaborada a partir de cord\u00e9is autorais.<\/p>\n<\/div>\n<\/div>\n<\/div>\n<\/div>\n\n\n\n<div class=\"wp-block-group alignfull is-vertical is-content-justification-center is-layout-flex wp-container-core-group-is-layout-ce155fab wp-block-group-is-layout-flex\">\n<figure class=\"wp-block-image aligncenter size-full is-resized\"><img loading=\"lazy\" decoding=\"async\" width=\"1890\" height=\"1417\" src=\"https:\/\/mascarante.eba.ufmg.br\/wp-content\/uploads\/2025\/08\/pirro-e-boi-sem-fundo-pequeno.webp\" alt=\"\" class=\"wp-image-419\" style=\"width:939px;height:auto\" srcset=\"https:\/\/mascarante.eba.ufmg.br\/wp-content\/uploads\/2025\/08\/pirro-e-boi-sem-fundo-pequeno.webp 1890w, https:\/\/mascarante.eba.ufmg.br\/wp-content\/uploads\/2025\/08\/pirro-e-boi-sem-fundo-pequeno-300x225.webp 300w, https:\/\/mascarante.eba.ufmg.br\/wp-content\/uploads\/2025\/08\/pirro-e-boi-sem-fundo-pequeno-1024x768.webp 1024w, https:\/\/mascarante.eba.ufmg.br\/wp-content\/uploads\/2025\/08\/pirro-e-boi-sem-fundo-pequeno-768x576.webp 768w, https:\/\/mascarante.eba.ufmg.br\/wp-content\/uploads\/2025\/08\/pirro-e-boi-sem-fundo-pequeno-1536x1152.webp 1536w\" sizes=\"auto, (max-width: 1890px) 100vw, 1890px\" \/><\/figure>\n<\/div>\n<\/div>\n","protected":false},"excerpt":{"rendered":"<p>Bianca Freire \u00e9 atriz, palha\u00e7a, professora, escrevinhadora e produtora cultural. Cresceu em Virgem da Lapa, no Vale do Jequitinhonha-MG, onde mora sua maior inspira\u00e7\u00e3o art\u00edstica. Na inf\u00e2ncia, dividiu-se entre tentar fugir com o circo, dublar novelas e apresentar show de intervalo na frente da TV. Foi tamb\u00e9m trapezista de galhos de \u00e1rvore e equilibrista de [&hellip;]<\/p>\n","protected":false},"author":1,"featured_media":0,"parent":400,"menu_order":0,"comment_status":"closed","ping_status":"closed","template":"","meta":{"mascarante_color":"#f1ca03","mascarante_title_color":"","footnotes":""},"class_list":["post-473","page","type-page","status-publish","hentry"],"_links":{"self":[{"href":"https:\/\/mascarante.eba.ufmg.br\/index.php\/wp-json\/wp\/v2\/pages\/473","targetHints":{"allow":["GET"]}}],"collection":[{"href":"https:\/\/mascarante.eba.ufmg.br\/index.php\/wp-json\/wp\/v2\/pages"}],"about":[{"href":"https:\/\/mascarante.eba.ufmg.br\/index.php\/wp-json\/wp\/v2\/types\/page"}],"author":[{"embeddable":true,"href":"https:\/\/mascarante.eba.ufmg.br\/index.php\/wp-json\/wp\/v2\/users\/1"}],"replies":[{"embeddable":true,"href":"https:\/\/mascarante.eba.ufmg.br\/index.php\/wp-json\/wp\/v2\/comments?post=473"}],"version-history":[{"count":3,"href":"https:\/\/mascarante.eba.ufmg.br\/index.php\/wp-json\/wp\/v2\/pages\/473\/revisions"}],"predecessor-version":[{"id":480,"href":"https:\/\/mascarante.eba.ufmg.br\/index.php\/wp-json\/wp\/v2\/pages\/473\/revisions\/480"}],"up":[{"embeddable":true,"href":"https:\/\/mascarante.eba.ufmg.br\/index.php\/wp-json\/wp\/v2\/pages\/400"}],"wp:attachment":[{"href":"https:\/\/mascarante.eba.ufmg.br\/index.php\/wp-json\/wp\/v2\/media?parent=473"}],"curies":[{"name":"wp","href":"https:\/\/api.w.org\/{rel}","templated":true}]}}