{"id":464,"date":"2025-08-19T01:39:50","date_gmt":"2025-08-19T04:39:50","guid":{"rendered":"https:\/\/mascarante.eba.ufmg.br\/?page_id=464"},"modified":"2025-08-19T01:40:29","modified_gmt":"2025-08-19T04:40:29","slug":"claudia-sachs","status":"publish","type":"page","link":"https:\/\/mascarante.eba.ufmg.br\/index.php\/quem-somos-3\/claudia-sachs\/","title":{"rendered":"Cl\u00e1udia Sachs"},"content":{"rendered":"\n<div class=\"wp-block-group alignwide has-global-padding is-layout-constrained wp-container-core-group-is-layout-639b5052 wp-block-group-is-layout-constrained\" style=\"padding-top:0;padding-right:0;padding-bottom:0;padding-left:0\">\n<div class=\"wp-block-columns alignwide is-layout-flex wp-container-core-columns-is-layout-28f84493 wp-block-columns-is-layout-flex\">\n<div class=\"wp-block-column is-layout-flow wp-block-column-is-layout-flow\" style=\"flex-basis:20%\">\n<figure class=\"wp-block-image aligncenter size-full is-resized\"><img loading=\"lazy\" decoding=\"async\" width=\"225\" height=\"300\" src=\"https:\/\/mascarante.eba.ufmg.br\/wp-content\/uploads\/2025\/08\/Claudia-no-Guaiba-2022.webp\" alt=\"\" class=\"wp-image-465\" style=\"width:230px;height:auto\"\/><\/figure>\n<\/div>\n\n\n\n<div class=\"wp-block-column is-layout-flow wp-block-column-is-layout-flow\" style=\"flex-basis:80%\">\n<div class=\"wp-block-group alignwide has-white-background-color has-background is-layout-flow wp-block-group-is-layout-flow\" style=\"padding-top:var(--wp--preset--spacing--50);padding-right:var(--wp--preset--spacing--50);padding-bottom:var(--wp--preset--spacing--50);padding-left:var(--wp--preset--spacing--50)\">\n<p><em><strong>Cl\u00e1udia Sachs<\/strong> \u00e9 Atriz, diretora, professora de teatro. Doutorado (2013) e mestrado (2004) em teatro na Universidade do Estado de Santa Catarina. Professora no Departamento de Arte Dram\u00e1tica da Universidade Federal do RS.<\/em><\/p>\n\n\n\n<p>Atriz, diretora, preparadora corporal e professora de teatro, com \u00eanfase em movimento corporal, improvisa\u00e7\u00e3o, interpreta\u00e7\u00e3o, prepara\u00e7\u00e3o de ator, pesquisa com m\u00e1scaras e linguagem do buf\u00e3o. Doutorado (2013) e mestrado (2004) em teatro na Universidade do Estado de Santa Catarina. Desde 2016 \u00e9 professora no Departamento de Arte Dram\u00e1tica da Universidade Federal do Rio Grande do Sul. Recebeu pr\u00eamios como atriz e como diretora.<\/p>\n\n\n\n<p>Diretora desde 2006, destacou-se nos espet\u00e1culos \u201cO Baile dos Anast\u00e1cio\u201d (2012) e \u201cCirco de Horrores e Maravilhas\u201d (2013), ambos recebedores do Pr\u00eamio Brasken de Melhor espet\u00e1culo de teatro, e pelos espet\u00e1culos de dan\u00e7a \u201cNovos Velhos Corpos 50+\u201d(2022) e \u201cSete,Oito: Imperman\u00eancias\u201d (2015), entre outros. Como atriz, destacou-se no espet\u00e1culo premiado e de grande sucesso \u201cGueto Bufo\u201d, que ficou em cartaz por 15 anos participando de festivais nacionais e internacionais, al\u00e9m de participa\u00e7\u00f5es em interven\u00e7\u00f5es, apresenta\u00e7\u00f5es de eventos e cabar\u00e9s. Como preparadora corporal, trabalhou com diferentes linguagens teatrais, tais como a m\u00e1scara, a commedia dell\u2019arte, o buf\u00e3o, o mimo de Dario Fo, os Viewpoints e pr\u00e1ticas oriundas da pedagogia de Jacques Lecoq.<\/p>\n\n\n\n<p>Em 2023 dirigiu o espet\u00e1culo \u201cPor onde anda a chuva\u201d, com a Cia La Luna de teatro, de SC. Em 2024, participou do projeto Escola Territ\u00f3rios do riso ministrando cursos de buf\u00e3o, m\u00e1scara e comicidade, compartilhando a dire\u00e7\u00e3o do espet\u00e1culo final \u201cFragmentos C\u00f4micos\u201d ao lado de Gabriel Guimard e Nora Prado. Atualmente realiza assist\u00eancia de dire\u00e7\u00e3o no espet\u00e1culo \u201cA mulher que virou bode\u201d, com dire\u00e7\u00e3o de Marcelo Bulgarelli, misturando linguagens como biomec\u00e2nica, dan\u00e7a, canto e m\u00e1scaras.<\/p>\n<\/div>\n<\/div>\n<\/div>\n<\/div>\n\n\n\n<div class=\"wp-block-group alignfull is-vertical is-content-justification-center is-layout-flex wp-container-core-group-is-layout-ce155fab wp-block-group-is-layout-flex\">\n<figure class=\"wp-block-image aligncenter size-full is-resized\"><img loading=\"lazy\" decoding=\"async\" width=\"1890\" height=\"1417\" src=\"https:\/\/mascarante.eba.ufmg.br\/wp-content\/uploads\/2025\/08\/pirro-e-boi-sem-fundo-pequeno.webp\" alt=\"\" class=\"wp-image-419\" style=\"width:939px;height:auto\" srcset=\"https:\/\/mascarante.eba.ufmg.br\/wp-content\/uploads\/2025\/08\/pirro-e-boi-sem-fundo-pequeno.webp 1890w, https:\/\/mascarante.eba.ufmg.br\/wp-content\/uploads\/2025\/08\/pirro-e-boi-sem-fundo-pequeno-300x225.webp 300w, https:\/\/mascarante.eba.ufmg.br\/wp-content\/uploads\/2025\/08\/pirro-e-boi-sem-fundo-pequeno-1024x768.webp 1024w, https:\/\/mascarante.eba.ufmg.br\/wp-content\/uploads\/2025\/08\/pirro-e-boi-sem-fundo-pequeno-768x576.webp 768w, https:\/\/mascarante.eba.ufmg.br\/wp-content\/uploads\/2025\/08\/pirro-e-boi-sem-fundo-pequeno-1536x1152.webp 1536w\" sizes=\"auto, (max-width: 1890px) 100vw, 1890px\" \/><\/figure>\n<\/div>\n","protected":false},"excerpt":{"rendered":"<p>Cl\u00e1udia Sachs \u00e9 Atriz, diretora, professora de teatro. Doutorado (2013) e mestrado (2004) em teatro na Universidade do Estado de Santa Catarina. Professora no Departamento de Arte Dram\u00e1tica da Universidade Federal do RS. Atriz, diretora, preparadora corporal e professora de teatro, com \u00eanfase em movimento corporal, improvisa\u00e7\u00e3o, interpreta\u00e7\u00e3o, prepara\u00e7\u00e3o de ator, pesquisa com m\u00e1scaras e [&hellip;]<\/p>\n","protected":false},"author":1,"featured_media":0,"parent":400,"menu_order":0,"comment_status":"closed","ping_status":"closed","template":"","meta":{"mascarante_color":"#f1ca03","mascarante_title_color":"","footnotes":""},"class_list":["post-464","page","type-page","status-publish","hentry"],"_links":{"self":[{"href":"https:\/\/mascarante.eba.ufmg.br\/index.php\/wp-json\/wp\/v2\/pages\/464","targetHints":{"allow":["GET"]}}],"collection":[{"href":"https:\/\/mascarante.eba.ufmg.br\/index.php\/wp-json\/wp\/v2\/pages"}],"about":[{"href":"https:\/\/mascarante.eba.ufmg.br\/index.php\/wp-json\/wp\/v2\/types\/page"}],"author":[{"embeddable":true,"href":"https:\/\/mascarante.eba.ufmg.br\/index.php\/wp-json\/wp\/v2\/users\/1"}],"replies":[{"embeddable":true,"href":"https:\/\/mascarante.eba.ufmg.br\/index.php\/wp-json\/wp\/v2\/comments?post=464"}],"version-history":[{"count":2,"href":"https:\/\/mascarante.eba.ufmg.br\/index.php\/wp-json\/wp\/v2\/pages\/464\/revisions"}],"predecessor-version":[{"id":467,"href":"https:\/\/mascarante.eba.ufmg.br\/index.php\/wp-json\/wp\/v2\/pages\/464\/revisions\/467"}],"up":[{"embeddable":true,"href":"https:\/\/mascarante.eba.ufmg.br\/index.php\/wp-json\/wp\/v2\/pages\/400"}],"wp:attachment":[{"href":"https:\/\/mascarante.eba.ufmg.br\/index.php\/wp-json\/wp\/v2\/media?parent=464"}],"curies":[{"name":"wp","href":"https:\/\/api.w.org\/{rel}","templated":true}]}}