{"id":455,"date":"2025-08-19T00:43:38","date_gmt":"2025-08-19T03:43:38","guid":{"rendered":"https:\/\/mascarante.eba.ufmg.br\/?page_id=455"},"modified":"2025-12-15T20:58:15","modified_gmt":"2025-12-15T23:58:15","slug":"bya-braga","status":"publish","type":"page","link":"https:\/\/mascarante.eba.ufmg.br\/index.php\/quem-somos-3\/bya-braga\/","title":{"rendered":"Bya Braga"},"content":{"rendered":"\n<div class=\"wp-block-group alignwide has-global-padding is-layout-constrained wp-container-core-group-is-layout-639b5052 wp-block-group-is-layout-constrained\" style=\"padding-top:0;padding-right:0;padding-bottom:0;padding-left:0\">\n<div class=\"wp-block-columns alignwide is-layout-flex wp-container-core-columns-is-layout-28f84493 wp-block-columns-is-layout-flex\">\n<div class=\"wp-block-column is-layout-flow wp-block-column-is-layout-flow\" style=\"flex-basis:20%\">\n<figure class=\"wp-block-image aligncenter size-full is-resized\"><img loading=\"lazy\" decoding=\"async\" width=\"244\" height=\"300\" src=\"https:\/\/mascarante.eba.ufmg.br\/wp-content\/uploads\/2025\/08\/Bya.webp\" alt=\"\" class=\"wp-image-461\" style=\"width:230px;height:auto\"\/><\/figure>\n<\/div>\n\n\n\n<div class=\"wp-block-column is-layout-flow wp-block-column-is-layout-flow\" style=\"flex-basis:80%\">\n<div class=\"wp-block-group alignwide has-white-background-color has-background is-layout-flow wp-block-group-is-layout-flow\" style=\"padding-top:var(--wp--preset--spacing--50);padding-right:var(--wp--preset--spacing--50);padding-bottom:var(--wp--preset--spacing--50);padding-left:var(--wp--preset--spacing--50)\">\n<p><em><strong>Bya Braga<\/strong> (Maria Beatriz Braga Mendon\u00e7a) \u00e9 atriz e diretora c\u00eanica, pesquisadora e professora de teatro desde 1993, na UFMG, vinculada ao Departamento de Artes C\u00eanicas da Escola de Belas Artes.<\/em><\/p>\n\n\n\n<p>Doutora em Artes C\u00eanicas pela UNIRio, com pesquisas te\u00f3ricas supervisionadas pelo Prof. Dr. Jos\u00e9 A. Sanchez (Universidad de Castilla-La Mancha (Espanha)) e pesquisa-cria\u00e7\u00e3o desenvolvida junto \u00e0 MOVEO-Teatro f\u00edsico (Barcelona\/ES).<\/p>\n\n\n\n<p>P\u00f3s-doutora em Estudos da Performance pelo Performance Studies Department da New York Universiy, com pesquisas te\u00f3ricas supervisionadas pelo Prof. Dr. Andr\u00e9 T. Lepecki e pesquisa-cria\u00e7\u00e3o desenvolvida com Thomas Leabhart, Leonard Pitt e o Theatre de l\u00b4Ange Fou (Corinne Soum e Steven Wasson) (EUA).<\/p>\n\n\n\n<p>Trabalha no campo da atua\u00e7\u00e3o c\u00eanica (interpreta\u00e7\u00e3o teatral), improvisa\u00e7\u00e3o, processos criativos (espet\u00e1culos e performances) e pesquisa-cria\u00e7\u00e3o com \u00eanfase no Teatro f\u00edsico e Teatro de m\u00e1scaras, seja na Gradua\u00e7\u00e3o em Teatro, seja na P\u00f3s-Gradua\u00e7\u00e3o em Artes\/Artes da Cena da UFMG. Foi diretora da Escola de Belas Artes da UFMG (2013-2017).<\/p>\n\n\n\n<p>Lidera o Grupo LAPA-UFMG (Laborat\u00f3rio de Atua\u00e7\u00e3o C\u00eanica). Integra o Duo Mimexe ao lado de Alexandre Brum Correa. Possui publica\u00e7\u00f5es na \u00e1rea, como: <em>\u00c9tienne Decroux e a artesania de ator. Caminhadas para a soberania<\/em> (Ed. UFMG, 2013), <em>M\u00e1scaras e bem viver: compondo um mapeamento criativo a partir da tradi\u00e7\u00e3o mascarada de Minas Gerais<\/em> (ABRACE, Stricto Sensu Ed., 2023), entre outros. Seus \u00faltimos espet\u00e1culos, como atriz e diretora foram: <em>It takes two to tangle <\/em>(Dixon Place, NYC, EUA, 2018), <em>Teatro \u00e0 venda: com\u00e9dias populares<\/em> (Casa FUNARTE-Liberdade, Belo Horizonte-MG, Brasil, 2022) e <em>\u00d4, ben\u00e7a<\/em>! (SESC Crato e Centro Cultural do Cariri, Crato-CE, Brasil-IV Festival Internacional de M\u00e1scaras do Cariri, 2024).<\/p>\n<\/div>\n<\/div>\n<\/div>\n<\/div>\n\n\n\n<div class=\"wp-block-group alignfull is-vertical is-content-justification-center is-layout-flex wp-container-core-group-is-layout-ce155fab wp-block-group-is-layout-flex\">\n<figure class=\"wp-block-image aligncenter size-full is-resized\"><img loading=\"lazy\" decoding=\"async\" width=\"1890\" height=\"1417\" src=\"https:\/\/mascarante.eba.ufmg.br\/wp-content\/uploads\/2025\/08\/pirro-e-boi-sem-fundo-pequeno.webp\" alt=\"\" class=\"wp-image-419\" style=\"width:939px;height:auto\" srcset=\"https:\/\/mascarante.eba.ufmg.br\/wp-content\/uploads\/2025\/08\/pirro-e-boi-sem-fundo-pequeno.webp 1890w, https:\/\/mascarante.eba.ufmg.br\/wp-content\/uploads\/2025\/08\/pirro-e-boi-sem-fundo-pequeno-300x225.webp 300w, https:\/\/mascarante.eba.ufmg.br\/wp-content\/uploads\/2025\/08\/pirro-e-boi-sem-fundo-pequeno-1024x768.webp 1024w, https:\/\/mascarante.eba.ufmg.br\/wp-content\/uploads\/2025\/08\/pirro-e-boi-sem-fundo-pequeno-768x576.webp 768w, https:\/\/mascarante.eba.ufmg.br\/wp-content\/uploads\/2025\/08\/pirro-e-boi-sem-fundo-pequeno-1536x1152.webp 1536w\" sizes=\"auto, (max-width: 1890px) 100vw, 1890px\" \/><\/figure>\n<\/div>\n","protected":false},"excerpt":{"rendered":"<p>Bya Braga (Maria Beatriz Braga Mendon\u00e7a) \u00e9 atriz e diretora c\u00eanica, pesquisadora e professora de teatro desde 1993, na UFMG, vinculada ao Departamento de Artes C\u00eanicas da Escola de Belas Artes. Doutora em Artes C\u00eanicas pela UNIRio, com pesquisas te\u00f3ricas supervisionadas pelo Prof. Dr. Jos\u00e9 A. Sanchez (Universidad de Castilla-La Mancha (Espanha)) e pesquisa-cria\u00e7\u00e3o desenvolvida [&hellip;]<\/p>\n","protected":false},"author":1,"featured_media":0,"parent":400,"menu_order":0,"comment_status":"closed","ping_status":"closed","template":"","meta":{"mascarante_color":"#f1ca03","mascarante_title_color":"#000000","footnotes":""},"class_list":["post-455","page","type-page","status-publish","hentry"],"_links":{"self":[{"href":"https:\/\/mascarante.eba.ufmg.br\/index.php\/wp-json\/wp\/v2\/pages\/455","targetHints":{"allow":["GET"]}}],"collection":[{"href":"https:\/\/mascarante.eba.ufmg.br\/index.php\/wp-json\/wp\/v2\/pages"}],"about":[{"href":"https:\/\/mascarante.eba.ufmg.br\/index.php\/wp-json\/wp\/v2\/types\/page"}],"author":[{"embeddable":true,"href":"https:\/\/mascarante.eba.ufmg.br\/index.php\/wp-json\/wp\/v2\/users\/1"}],"replies":[{"embeddable":true,"href":"https:\/\/mascarante.eba.ufmg.br\/index.php\/wp-json\/wp\/v2\/comments?post=455"}],"version-history":[{"count":6,"href":"https:\/\/mascarante.eba.ufmg.br\/index.php\/wp-json\/wp\/v2\/pages\/455\/revisions"}],"predecessor-version":[{"id":463,"href":"https:\/\/mascarante.eba.ufmg.br\/index.php\/wp-json\/wp\/v2\/pages\/455\/revisions\/463"}],"up":[{"embeddable":true,"href":"https:\/\/mascarante.eba.ufmg.br\/index.php\/wp-json\/wp\/v2\/pages\/400"}],"wp:attachment":[{"href":"https:\/\/mascarante.eba.ufmg.br\/index.php\/wp-json\/wp\/v2\/media?parent=455"}],"curies":[{"name":"wp","href":"https:\/\/api.w.org\/{rel}","templated":true}]}}