{"id":400,"date":"2025-08-14T03:36:47","date_gmt":"2025-08-14T06:36:47","guid":{"rendered":"https:\/\/mascarante.eba.ufmg.br\/?page_id=400"},"modified":"2026-04-10T01:50:09","modified_gmt":"2026-04-10T04:50:09","slug":"quem-somos-3","status":"publish","type":"page","link":"https:\/\/mascarante.eba.ufmg.br\/index.php\/quem-somos-3\/","title":{"rendered":"Quem Somos"},"content":{"rendered":"\n<div class=\"wp-block-group alignwide has-global-padding is-layout-constrained wp-container-core-group-is-layout-639b5052 wp-block-group-is-layout-constrained\" style=\"padding-top:0;padding-right:0;padding-bottom:0;padding-left:0\">\n<div class=\"wp-block-group alignwide has-white-background-color has-background is-layout-flow wp-block-group-is-layout-flow\" style=\"padding-top:0;padding-right:var(--wp--preset--spacing--50);padding-bottom:var(--wp--preset--spacing--50);padding-left:var(--wp--preset--spacing--50)\">\n<div class=\"wp-block-group has-vivid-red-background-color has-background has-global-padding is-layout-constrained wp-block-group-is-layout-constrained\" style=\"border-top-left-radius:0px;border-top-right-radius:0px;border-bottom-left-radius:51px;border-bottom-right-radius:50px;background-image:url(&apos;https:\/\/mascarante.eba.ufmg.br\/wp-content\/uploads\/2025\/08\/fundo-para-tela-inicial.webp&apos;);background-size:cover;\">\n<figure class=\"wp-block-image aligncenter size-large is-resized\"><img loading=\"lazy\" decoding=\"async\" width=\"1024\" height=\"576\" src=\"https:\/\/mascarante.eba.ufmg.br\/wp-content\/uploads\/2026\/04\/quadro0003-1024x576.png\" alt=\"\" class=\"wp-image-578\" style=\"aspect-ratio:1.777708851082407;width:478px;height:auto\" srcset=\"https:\/\/mascarante.eba.ufmg.br\/wp-content\/uploads\/2026\/04\/quadro0003-1024x576.png 1024w, https:\/\/mascarante.eba.ufmg.br\/wp-content\/uploads\/2026\/04\/quadro0003-300x169.png 300w, https:\/\/mascarante.eba.ufmg.br\/wp-content\/uploads\/2026\/04\/quadro0003-768x432.png 768w, https:\/\/mascarante.eba.ufmg.br\/wp-content\/uploads\/2026\/04\/quadro0003-1536x864.png 1536w, https:\/\/mascarante.eba.ufmg.br\/wp-content\/uploads\/2026\/04\/quadro0003.png 1920w\" sizes=\"auto, (max-width: 1024px) 100vw, 1024px\" \/><\/figure>\n<\/div>\n\n\n\n<p>O Mascarante \u2013 Portal das m\u00e1scaras e mascaramentos performativos, \u00e9 fruto do trabalho de pesquisa do Grupo LAPA-UFMG\/CNPq (Laborat\u00f3rio de Pesquisa em Atua\u00e7\u00e3o C\u00eanica).<\/p>\n\n\n\n<p>O Laborat\u00f3rio de Pesquisa em Atua\u00e7\u00e3o C\u00eanica (LAPA) \u00e9 um espa\u00e7o dedicado ao estudo e \u00e0 pr\u00e1tica do teatro f\u00edsico, mascaramento e interpreta\u00e7\u00e3o teatral performativa. Tem como objetivo fomentar pesquisas voltadas para a cena f\u00edsica, o uso de m\u00e1scaras e mascaramento e o teatro de tradi\u00e7\u00e3o popular, sempre com uma abordagem interdisciplinar, intercultural e decolonial.<\/p>\n\n\n\n<p>Este grupo de pesquisa foi criado em 2003 e \u00e9 sediado na Escola de Belas Artes da UFMG. O Grupo LAPA idealizou o Col\u00f3quio Internacional Mascaramento na Cena Expandida, realizando tr\u00eas edi\u00e7\u00f5es. As pessoas que integram o Grupo LAPA s\u00e3o estudantes da Gradua\u00e7\u00e3o em Teatro, Gradua\u00e7\u00e3o em Cinema de Anima\u00e7\u00e3o e Artes Digitais e tamb\u00e9m da P\u00f3s-Gradua\u00e7\u00e3o em Artes na Linha de pesquisa Artes da Cena.&nbsp; H\u00e1 tamb\u00e9m docentes e t\u00e9cnicos, bem como artistas da cena que o integram e colaboram com o grupo.<\/p>\n\n\n\n<p>O nome do grupo, al\u00e9m de sigla para Laborat\u00f3rio de Pesquisa em Atua\u00e7\u00e3o C\u00eanica, tem tamb\u00e9m inspira\u00e7\u00e3o em uma presen\u00e7a feminina na arte da cena: Joaquina Maria da Concei\u00e7\u00e3o Lapa \u2013 a Joaquina Lapinha, atriz-cantora brasileira, nascida em Minas Gerais, que atuou-cantou tanto no pa\u00eds quanto em Portugal no final s\u00e9culo 18, um tempo em que mulheres foram proibidas por D. Maria I de atuar, e no in\u00edcio do 19, quando atuou no Real Theatro de S\u00e3o Jo\u00e3o, Rio de Janeiro, sendo considerada \u201cprimeira Actriz do Real Theatro do Rio de Janeiro\u201d.<\/p>\n\n\n\n<p>A lideran\u00e7a do LAPA \u00e9 da professora e pesquisadora Bya Braga (Maria Beatriz Braga Mendon\u00e7a). O grupo tem parceria art\u00edstica c\u00eanica com o Duo Mimexe. Integrantes do grupo produzem publica\u00e7\u00f5es no campo das artes da cena e tamb\u00e9m produ\u00e7\u00f5es art\u00edsticas c\u00eanicas.<\/p>\n<\/div>\n\n\n\n<div class=\"wp-block-group alignwide is-layout-flow wp-block-group-is-layout-flow\" style=\"padding-top:var(--wp--preset--spacing--50);padding-right:var(--wp--preset--spacing--50);padding-bottom:var(--wp--preset--spacing--50);padding-left:var(--wp--preset--spacing--50)\">\n<div class=\"wp-block-columns is-layout-flex wp-container-core-columns-is-layout-28f84493 wp-block-columns-is-layout-flex\">\n<div class=\"wp-block-column is-layout-flow wp-block-column-is-layout-flow\">\n<figure class=\"wp-block-image aligncenter size-full is-resized\"><a href=\"https:\/\/mascarante.eba.ufmg.br\/index.php\/quem-somos-3\/bya-braga\/\"><img loading=\"lazy\" decoding=\"async\" width=\"150\" height=\"150\" src=\"https:\/\/mascarante.eba.ufmg.br\/wp-content\/uploads\/2025\/08\/img-bya.jpg\" alt=\"\" class=\"wp-image-405\" style=\"width:160px\"\/><\/a><\/figure>\n\n\n\n<p class=\"has-text-align-center has-black-color has-text-color has-link-color has-brasilero-2018-free-font-family has-medium-font-size wp-elements-5c0c5ab1a7141125f416656e895c8b5d\" style=\"margin-top:var(--wp--preset--spacing--20);margin-right:0;margin-bottom:var(--wp--preset--spacing--20);margin-left:0;padding-top:0;padding-right:0;padding-bottom:0;padding-left:0\"><strong>Bya<\/strong> <strong>Braga<\/strong><\/p>\n<\/div>\n\n\n\n<div class=\"wp-block-column is-layout-flow wp-block-column-is-layout-flow\">\n<figure class=\"wp-block-image aligncenter size-full\"><a href=\"https:\/\/mascarante.eba.ufmg.br\/index.php\/quem-somos-3\/claudia-sachs\/\"><img loading=\"lazy\" decoding=\"async\" width=\"150\" height=\"150\" src=\"https:\/\/mascarante.eba.ufmg.br\/wp-content\/uploads\/2025\/08\/img-claudia.jpg\" alt=\"\" class=\"wp-image-406\"\/><\/a><\/figure>\n\n\n\n<p class=\"has-text-align-center has-black-color has-text-color has-link-color has-brasilero-2018-free-font-family has-medium-font-size wp-elements-a5747d526da10bc7016cac792ed73cfc\" style=\"margin-top:var(--wp--preset--spacing--30);margin-bottom:var(--wp--preset--spacing--30)\"><strong>Claudia Zachs<\/strong><\/p>\n<\/div>\n\n\n\n<div class=\"wp-block-column is-layout-flow wp-block-column-is-layout-flow\">\n<figure class=\"wp-block-image aligncenter size-full\"><a href=\"https:\/\/mascarante.eba.ufmg.br\/index.php\/quem-somos-3\/domenica-morvillo\/\"><img loading=\"lazy\" decoding=\"async\" width=\"150\" height=\"151\" src=\"https:\/\/mascarante.eba.ufmg.br\/wp-content\/uploads\/2025\/08\/img-domenica.jpg\" alt=\"\" class=\"wp-image-407\"\/><\/a><\/figure>\n\n\n\n<p class=\"has-text-align-center has-black-color has-text-color has-link-color has-brasilero-2018-free-font-family has-medium-font-size wp-elements-187e3042f56481d10623e59b46ebd7b9\" style=\"margin-top:var(--wp--preset--spacing--30);margin-bottom:var(--wp--preset--spacing--30)\"><strong>Dom\u00eanica Morvillo<\/strong><\/p>\n<\/div>\n<\/div>\n\n\n\n<div class=\"wp-block-columns is-layout-flex wp-container-core-columns-is-layout-28f84493 wp-block-columns-is-layout-flex\">\n<div class=\"wp-block-column is-layout-flow wp-block-column-is-layout-flow\">\n<figure class=\"wp-block-image aligncenter size-full is-resized\"><a href=\"https:\/\/mascarante.eba.ufmg.br\/index.php\/quem-somos-3\/bianca-freire\/\"><img loading=\"lazy\" decoding=\"async\" width=\"150\" height=\"150\" src=\"https:\/\/mascarante.eba.ufmg.br\/wp-content\/uploads\/2025\/08\/img-bianca.jpg\" alt=\"\" class=\"wp-image-412\" style=\"width:160px\"\/><\/a><\/figure>\n\n\n\n<p class=\"has-text-align-center has-black-color has-text-color has-link-color has-brasilero-2018-free-font-family has-medium-font-size wp-elements-9c57d95aade6b12498554cd6c907ca37\" style=\"margin-top:var(--wp--preset--spacing--30);margin-bottom:var(--wp--preset--spacing--30)\"><strong>Bianca Freire<\/strong><\/p>\n<\/div>\n\n\n\n<div class=\"wp-block-column is-layout-flow wp-block-column-is-layout-flow\">\n<figure class=\"wp-block-image aligncenter size-full\"><a href=\"https:\/\/mascarante.eba.ufmg.br\/index.php\/quem-somos-3\/cecilia-zarue\/\"><img loading=\"lazy\" decoding=\"async\" width=\"150\" height=\"150\" src=\"https:\/\/mascarante.eba.ufmg.br\/wp-content\/uploads\/2025\/08\/img-cecilia.jpg\" alt=\"\" class=\"wp-image-413\"\/><\/a><\/figure>\n\n\n\n<p class=\"has-text-align-center has-black-color has-text-color has-link-color has-brasilero-2018-free-font-family has-medium-font-size wp-elements-556b2163faa42f9dd33e20fa05362893\" style=\"margin-top:var(--wp--preset--spacing--30);margin-bottom:var(--wp--preset--spacing--30)\"><strong>Cec\u00edlia Zaru\u00ea<\/strong><\/p>\n<\/div>\n\n\n\n<div class=\"wp-block-column is-layout-flow wp-block-column-is-layout-flow\">\n<figure class=\"wp-block-image aligncenter size-full\"><a href=\"https:\/\/mascarante.eba.ufmg.br\/index.php\/quem-somos-3\/erika-schwarz\/\"><img loading=\"lazy\" decoding=\"async\" width=\"150\" height=\"150\" src=\"https:\/\/mascarante.eba.ufmg.br\/wp-content\/uploads\/2025\/08\/img-erika.jpg\" alt=\"\" class=\"wp-image-414\"\/><\/a><\/figure>\n\n\n\n<p class=\"has-text-align-center has-black-color has-text-color has-link-color has-brasilero-2018-free-font-family has-medium-font-size wp-elements-cb455a88a9acdb8318a0fe2d78d9bd9e\" style=\"margin-top:var(--wp--preset--spacing--30);margin-bottom:var(--wp--preset--spacing--30)\"><strong>Erika Schwarz<\/strong><\/p>\n<\/div>\n<\/div>\n\n\n\n<div class=\"wp-block-columns is-layout-flex wp-container-core-columns-is-layout-28f84493 wp-block-columns-is-layout-flex\">\n<div class=\"wp-block-column is-layout-flow wp-block-column-is-layout-flow\">\n<figure class=\"wp-block-image aligncenter size-full is-resized\"><a href=\"https:\/\/mascarante.eba.ufmg.br\/index.php\/quem-somos-3\/leticia-araujo\/\"><img loading=\"lazy\" decoding=\"async\" width=\"150\" height=\"150\" src=\"https:\/\/mascarante.eba.ufmg.br\/wp-content\/uploads\/2025\/08\/img-leticia.jpg\" alt=\"\" class=\"wp-image-415\" style=\"width:160px\"\/><\/a><\/figure>\n\n\n\n<p class=\"has-text-align-center has-black-color has-text-color has-link-color has-brasilero-2018-free-font-family has-medium-font-size wp-elements-83cce0e625bb33676e025480d0241f13\" style=\"margin-top:var(--wp--preset--spacing--30);margin-bottom:var(--wp--preset--spacing--30)\"><strong>Let\u00edcia Ara\u00fajo<\/strong><\/p>\n<\/div>\n\n\n\n<div class=\"wp-block-column is-layout-flow wp-block-column-is-layout-flow\">\n<figure class=\"wp-block-image aligncenter size-full\"><a href=\"https:\/\/mascarante.eba.ufmg.br\/index.php\/quem-somos-3\/alexandre-brum\/\"><img loading=\"lazy\" decoding=\"async\" width=\"150\" height=\"150\" src=\"https:\/\/mascarante.eba.ufmg.br\/wp-content\/uploads\/2025\/08\/img-alexandre.jpg\" alt=\"\" class=\"wp-image-416\"\/><\/a><\/figure>\n\n\n\n<p class=\"has-text-align-center has-black-color has-text-color has-link-color has-brasilero-2018-free-font-family has-medium-font-size wp-elements-3211c18cf0e2b61bafed1f4f4d079343\" style=\"margin-top:var(--wp--preset--spacing--30);margin-bottom:var(--wp--preset--spacing--30)\"><strong>Alexandre Brum<\/strong><\/p>\n<\/div>\n\n\n\n<div class=\"wp-block-column is-layout-flow wp-block-column-is-layout-flow\">\n<figure class=\"wp-block-image aligncenter size-full\"><a href=\"https:\/\/mascarante.eba.ufmg.br\/index.php\/quem-somos-3\/julia-de-oliveira-vasconcelos\/\"><img loading=\"lazy\" decoding=\"async\" width=\"150\" height=\"150\" src=\"https:\/\/mascarante.eba.ufmg.br\/wp-content\/uploads\/2025\/08\/img-julia.jpg\" alt=\"\" class=\"wp-image-417\"\/><\/a><\/figure>\n\n\n\n<p class=\"has-text-align-center has-black-color has-text-color has-link-color has-brasilero-2018-free-font-family has-medium-font-size wp-elements-5189928912e7f47f3452da0d22290fb7\" style=\"margin-top:var(--wp--preset--spacing--30);margin-bottom:var(--wp--preset--spacing--30)\"><strong>J\u00falia O. Vasconcelos<\/strong><\/p>\n<\/div>\n<\/div>\n<\/div>\n\n\n\n<div class=\"wp-block-group alignfull is-vertical is-content-justification-center is-layout-flex wp-container-core-group-is-layout-ce155fab wp-block-group-is-layout-flex\">\n<figure class=\"wp-block-image aligncenter size-full is-resized\"><img loading=\"lazy\" decoding=\"async\" width=\"1890\" height=\"1417\" src=\"https:\/\/mascarante.eba.ufmg.br\/wp-content\/uploads\/2025\/08\/pirro-e-boi-sem-fundo-pequeno.webp\" alt=\"\" class=\"wp-image-419\" style=\"width:939px;height:auto\" srcset=\"https:\/\/mascarante.eba.ufmg.br\/wp-content\/uploads\/2025\/08\/pirro-e-boi-sem-fundo-pequeno.webp 1890w, https:\/\/mascarante.eba.ufmg.br\/wp-content\/uploads\/2025\/08\/pirro-e-boi-sem-fundo-pequeno-300x225.webp 300w, https:\/\/mascarante.eba.ufmg.br\/wp-content\/uploads\/2025\/08\/pirro-e-boi-sem-fundo-pequeno-1024x768.webp 1024w, https:\/\/mascarante.eba.ufmg.br\/wp-content\/uploads\/2025\/08\/pirro-e-boi-sem-fundo-pequeno-768x576.webp 768w, https:\/\/mascarante.eba.ufmg.br\/wp-content\/uploads\/2025\/08\/pirro-e-boi-sem-fundo-pequeno-1536x1152.webp 1536w\" sizes=\"auto, (max-width: 1890px) 100vw, 1890px\" \/><\/figure>\n<\/div>\n<\/div>\n","protected":false},"excerpt":{"rendered":"<p>O Mascarante \u2013 Portal das m\u00e1scaras e mascaramentos performativos, \u00e9 fruto do trabalho de pesquisa do Grupo LAPA-UFMG\/CNPq (Laborat\u00f3rio de Pesquisa em Atua\u00e7\u00e3o C\u00eanica). O Laborat\u00f3rio de Pesquisa em Atua\u00e7\u00e3o C\u00eanica (LAPA) \u00e9 um espa\u00e7o dedicado ao estudo e \u00e0 pr\u00e1tica do teatro f\u00edsico, mascaramento e interpreta\u00e7\u00e3o teatral performativa. Tem como objetivo fomentar pesquisas voltadas [&hellip;]<\/p>\n","protected":false},"author":1,"featured_media":0,"parent":0,"menu_order":0,"comment_status":"closed","ping_status":"closed","template":"","meta":{"mascarante_color":"#f1ca03","mascarante_title_color":"#039ddb","footnotes":""},"class_list":["post-400","page","type-page","status-publish","hentry"],"_links":{"self":[{"href":"https:\/\/mascarante.eba.ufmg.br\/index.php\/wp-json\/wp\/v2\/pages\/400","targetHints":{"allow":["GET"]}}],"collection":[{"href":"https:\/\/mascarante.eba.ufmg.br\/index.php\/wp-json\/wp\/v2\/pages"}],"about":[{"href":"https:\/\/mascarante.eba.ufmg.br\/index.php\/wp-json\/wp\/v2\/types\/page"}],"author":[{"embeddable":true,"href":"https:\/\/mascarante.eba.ufmg.br\/index.php\/wp-json\/wp\/v2\/users\/1"}],"replies":[{"embeddable":true,"href":"https:\/\/mascarante.eba.ufmg.br\/index.php\/wp-json\/wp\/v2\/comments?post=400"}],"version-history":[{"count":21,"href":"https:\/\/mascarante.eba.ufmg.br\/index.php\/wp-json\/wp\/v2\/pages\/400\/revisions"}],"predecessor-version":[{"id":583,"href":"https:\/\/mascarante.eba.ufmg.br\/index.php\/wp-json\/wp\/v2\/pages\/400\/revisions\/583"}],"wp:attachment":[{"href":"https:\/\/mascarante.eba.ufmg.br\/index.php\/wp-json\/wp\/v2\/media?parent=400"}],"curies":[{"name":"wp","href":"https:\/\/api.w.org\/{rel}","templated":true}]}}