{"id":365,"date":"2025-08-14T02:16:31","date_gmt":"2025-08-14T05:16:31","guid":{"rendered":"https:\/\/mascarante.eba.ufmg.br\/?page_id=365"},"modified":"2025-08-19T00:14:43","modified_gmt":"2025-08-19T03:14:43","slug":"artigos","status":"publish","type":"page","link":"https:\/\/mascarante.eba.ufmg.br\/index.php\/biblioteca\/trabalhos-academicos\/artigos\/","title":{"rendered":"Artigos"},"content":{"rendered":"\n<div class=\"wp-block-group alignwide has-global-padding is-layout-constrained wp-container-core-group-is-layout-639b5052 wp-block-group-is-layout-constrained\" style=\"padding-top:0;padding-right:0;padding-bottom:0;padding-left:0\">\n<div class=\"wp-block-group alignwide has-white-background-color has-background is-layout-flow wp-block-group-is-layout-flow\" style=\"padding-top:var(--wp--preset--spacing--50);padding-right:var(--wp--preset--spacing--50);padding-bottom:var(--wp--preset--spacing--50);padding-left:var(--wp--preset--spacing--50)\">\n<ol style=\"line-height:2\" class=\"wp-block-list\">\n<li><a href=\"https:\/\/revistas.ufg.br\/teoria\/article\/view\/50896\"><strong>A m\u00e1scara de boi e os mascarados: Piren\u00f3polis e o carnaval em Pentecostes <\/strong><\/a>\u2013 Maria Cristina de Freitas Bonetti. Revista de Teoria da Hist\u00f3ria, Goi\u00e2nia, v. 18, n. 2, p. 130\u2013152, 2017.<\/li>\n\n\n\n<li><a href=\"https:\/\/www.revistas.udesc.br\/index.php\/moin\/article\/view\/1059652595034701012005025\/7818\"><strong>A m\u00e1scara e a forma\u00e7\u00e3o do ator<\/strong> <\/a>\u2013 Felisberto Sabino da Costa. <em>M\u00f3in-M\u00f3in \u2013 Revista de Estudos sobre Teatro de Formas Animadas<\/em>, Florian\u00f3polis, v. 1, n. 01, p. 025\u2013051, 2018.<\/li>\n\n\n\n<li><a href=\"https:\/\/revistas.udesc.br\/index.php\/moin\/article\/view\/22416\/14672\"><strong>A m\u00e1scara e os personagens mascarados nos folguedos maranhenses<\/strong> <\/a>\u2013 T\u00e1cito Freire Borralho, Rog\u00e9rio Vaz da Silva. <em>M\u00f3in-M\u00f3in \u2013 Revista de Estudos sobre Teatro de Formas Animadas<\/em>, Florian\u00f3polis, v. 1, n. 26, p. 119\u2013135, 2022.<\/li>\n\n\n\n<li><a href=\"https:\/\/revistas.udesc.br\/index.php\/moin\/article\/view\/18235\/12501\"><strong>A m\u00e1scara teatral e a materialidade das formas: a semente de um sonho e a flor de nossas artes<\/strong><\/a> \u2013 Daniele Rocha Viola, Laura Wilbert Gedoz. <em>M\u00f3in-M\u00f3in \u2013 Revista de Estudos sobre Teatro de Formas Animadas<\/em>, Florian\u00f3polis, v. 2, n. 23, p. 199\u2013217, 2020.<\/li>\n\n\n\n<li><a href=\"https:\/\/www.periodicos.ufam.edu.br\/index.php\/cadernoppgd\/article\/view\/16766\"><strong>Bate-bolas e bate-boletes, cultura em movimento: a\u00e7\u00f5es de design decolonial para a valoriza\u00e7\u00e3o da cultura popular<\/strong> \u2013 Priscila Andrade Silva; Nilton Gon\u00e7alves Gamba Junior;<\/a> Fernanda Morais. <em>Caderno Cient\u00edfico do PPG Design<\/em>, [S. l.], Anais do XV Congresso Brasileiro de Pesquisa e Desenvolvimento em Design \u2013 P&amp;D Design Manaus, 24 dez. 2024.<\/li>\n\n\n\n<li><a href=\"https:\/\/estudosemdesign.emnuvens.com.br\/design\/article\/view\/888\"><strong>Bate-bolas: rastros materiais de rupturas hist\u00f3ricas nas fantasias dos mascarados cariocas<\/strong><\/a> \u2013 Nilton Gon\u00e7alves Gamba Junior, Priscila Andrade Silva. <em>Estudos em Design<\/em>, Rio de Janeiro, v. 28, n. 1, 2020.&nbsp;<\/li>\n\n\n\n<li><a href=\"https:\/\/www.revistas.usp.br\/aspas\/article\/view\/215402\/197509\"><strong>Cores, corporeidades e alegrias de viver: conv\u00edvios com as m\u00e1scaras e mascaramentos dos teatros de tradi\u00e7\u00e3o popular de Minas Gerais no Brasil<\/strong> <\/a>\u2013 Bya Braga, G. C. Pereira, J. A. Marschner. <em>Revista Aspas<\/em>, v. 12, n. 2, p. 26-38, 2022.&nbsp;<\/li>\n\n\n\n<li><a href=\"https:\/\/revistas.udesc.br\/index.php\/moin\/article\/view\/1059652595034701072010014\"><strong>Corpo\/objeto: O \u201cmascaramento\u201d na cena contempor\u00e2nea brasileira<\/strong><\/a> \u2013 Ipojucan Pereira. <em>M\u00f3in-M\u00f3in \u2013 Revista de Estudos sobre Teatro de Formas Animadas<\/em>, ano 06, n\u00b0 7. Jaragu\u00e1 do Sul: SCAR\/UDESC, 2010.<\/li>\n\n\n\n<li><a href=\"https:\/\/periodicos.ufrn.br\/manzua\/issue\/view\/1219\"><strong>Dossi\u00ea tem\u00e1tico: Mascaramento na cena expandida<\/strong> <\/a>\u2013 Bya Braga, M. S. Lopes. <em>Revista Manzu\u00e1<\/em>, Natal: PPGARC UFRN, 2022.<\/li>\n\n\n\n<li><a href=\"https:\/\/www.revistas.udesc.br\/index.php\/moin\/article\/view\/20365\/13207\"><strong>Entre a m\u00e1scara, a casa, a tela: frestas para o encantamento<\/strong><\/a> \u2013 L\u00edvia Maria Vieira Pinto de Andrade Figueira. <em>M\u00f3in-M\u00f3in \u2013 Revista de Estudos sobre Teatro de Formas Animadas<\/em>, Florian\u00f3polis, v. 1, n. 24, p. 110\u2013130, 2021.<\/li>\n\n\n\n<li><a href=\"https:\/\/dobras.emnuvens.com.br\/dobras\/article\/view\/1883\/935\"><strong>Entre Carnaval e cotidiano: uma est\u00e9tica de apresenta\u00e7\u00e3o pessoal das personas Bate-bolas e Bate-boletes<\/strong><\/a> \u2013 Priscila Andrade-Silva, Nilton Gon\u00e7alves Gamba Junior. <em>dObra[s] \u2013 revista da Associa\u00e7\u00e3o Brasileira de Estudos de Pesquisas em Moda<\/em>, S\u00e3o Paulo, v. 18, n. 43, 2025.<\/li>\n\n\n\n<li><a href=\"https:\/\/periodicos.ufmg.br\/index.php\/revistapos\/article\/view\/54530\/45269\"><strong>Jogos de m\u00e1scaras e mascaramentos no ensino da atua\u00e7\u00e3o performativa: transgress\u00f5es diversas rumo \u00e0 exist\u00eancia plural<\/strong><\/a> \u2013 Bya Braga. <em>Anais do XII Congresso da Associa\u00e7\u00e3o Brasileira de Pesquisa e P\u00f3s-Gradua\u00e7\u00e3o em Artes C\u00eanicas \u2013 ABRACE<\/em>, Bel\u00e9m: ABRACE, 2023. P. 1655-1664.<\/li>\n\n\n\n<li><a href=\"https:\/\/periodicos.udesc.br\/index.php\/moin\/article\/view\/24015\/16193\"><strong>M\u00e1scara Mapiko de Mo\u00e7ambique: da terra ao palco<\/strong> <\/a>\u2013 Mariana Conde Rhormens Lopes. <em>M\u00f3in-M\u00f3in \u2013 Revista de Estudos sobre Teatro de Formas Animadas<\/em>, Florian\u00f3polis, v. 1, n. 28, p. 47\u201363, 2023.<\/li>\n\n\n\n<li><a href=\"https:\/\/www.revistas.udesc.br\/index.php\/moin\/article\/view\/1059652595034701102013236\/7910\"><strong>M\u00e1scara teatral \u2013 linguagem, metodologia e dramaturgia do Grupo Moitar\u00e1<\/strong><\/a> \u2013 Ven\u00edcio Fonseca. <em>M\u00f3in-M\u00f3in \u2013 Revista de Estudos sobre Teatro de Formas Animadas<\/em>, Florian\u00f3polis, v. 1, n. 10, p. 236\u2013251, 2018.<\/li>\n\n\n\n<li><a href=\"https:\/\/periodicos.udesc.br\/index.php\/moin\/article\/view\/24123\/16194\"><strong>Mascaramento para encantar-se: o baiar afro-maranhense e a in(corpora\u00e7\u00e3o) em cena<\/strong><\/a> \u2013 Vinicius Viana Ferreira. <em>M\u00f3in-M\u00f3in \u2013 Revista de Estudos sobre Teatro de Formas Animadas<\/em>, Florian\u00f3polis, v. 1, n. 28, p. 167\u2013180, 2023.<\/li>\n\n\n\n<li><a href=\"https:\/\/portalabrace.org\/novo2022\/wp-content\/uploads\/2023\/12\/Artes-Cenicas-na-Amazonia.pdf\"><strong>M\u00e1scaras e bem viver: compondo um mapeamento criativo a partir da tradi\u00e7\u00e3o mascarada em Minas Gerais<\/strong><\/a> \u2013 Bya Braga. <em>Anais da XI Reuni\u00e3o Cient\u00edfica da Associa\u00e7\u00e3o Brasileira de Pesquisa e P\u00f3s-Gradua\u00e7\u00e3o em Artes C\u00eanicas \u2013 ABRACE. Artes C\u00eanicas na Amaz\u00f4nia: saberes tradicionais, fazeres contempor\u00e2neos.<\/em> Alba Pedreira Vieira, Andrea Carvalho Stark, Vera Colla\u00e7o (orgs.), Rio Branco: Strictu Sensu Editora, 2023. P. 1375-1386.<\/li>\n\n\n\n<li><a href=\"https:\/\/estudosemdesign.emnuvens.com.br\/design\/article\/view\/2038\"><strong>M\u00e1scaras: identidades e etnomaterializa\u00e7\u00e3o<\/strong><\/a> \u2013 Nilton Gon\u00e7alves Gamba Junior, Miguel Santos de Carvalho, Priscila Andrade. <em>Estudos em Design<\/em>, Rio de Janeiro, v. 32, n. 3, 2024.<\/li>\n\n\n\n<li><a href=\"https:\/\/www.revistas.udesc.br\/index.php\/moin\/article\/view\/1059652595034701172017122\/7719\"><strong>O corpo zoo-humano em O quadro de todos juntos, do Grupo Pigmali\u00e3o \u2013 escultura que mexe<\/strong><\/a> \u2013 C\u00e1ssia Macieira. <em>M\u00f3in-M\u00f3in \u2013 Revista de Estudos sobre Teatro de Formas Animadas<\/em>, Florian\u00f3polis, v. 1, n. 17, p. 122\u2013133, 2018.<\/li>\n\n\n\n<li><strong><a href=\"https:\/\/revistas.usp.br\/extraprensa\/article\/view\/EPX14-PM6\">Performatividade e reinven\u00e7\u00e3o: construindo m\u00e1scaras e desconstruindo h\u00e1bitos no Bloco dos caretas de Guiratinga, Mato Grosso<\/a> \u2013 <\/strong>Claudyanne Rodrigues Almeida; Maria Thereza Oliveira Azevedo. <strong>Revista Extraprensa<\/strong>, S\u00e3o Paulo, Brasil, v. 7, n. 2, p. 112\u2013120, 2014. <\/li>\n<\/ol>\n<\/div>\n\n\n\n<div class=\"wp-block-group alignfull is-vertical is-content-justification-center is-layout-flex wp-container-core-group-is-layout-ce155fab wp-block-group-is-layout-flex\">\n<figure class=\"wp-block-image aligncenter size-full is-resized\"><img loading=\"lazy\" decoding=\"async\" width=\"1890\" height=\"1417\" src=\"https:\/\/mascarante.eba.ufmg.br\/wp-content\/uploads\/2025\/08\/folia-de-reis-sem-fundo-pequeno.webp\" alt=\"\" class=\"wp-image-296\" style=\"width:1011px;height:auto\" srcset=\"https:\/\/mascarante.eba.ufmg.br\/wp-content\/uploads\/2025\/08\/folia-de-reis-sem-fundo-pequeno.webp 1890w, https:\/\/mascarante.eba.ufmg.br\/wp-content\/uploads\/2025\/08\/folia-de-reis-sem-fundo-pequeno-300x225.webp 300w, https:\/\/mascarante.eba.ufmg.br\/wp-content\/uploads\/2025\/08\/folia-de-reis-sem-fundo-pequeno-1024x768.webp 1024w, https:\/\/mascarante.eba.ufmg.br\/wp-content\/uploads\/2025\/08\/folia-de-reis-sem-fundo-pequeno-768x576.webp 768w, https:\/\/mascarante.eba.ufmg.br\/wp-content\/uploads\/2025\/08\/folia-de-reis-sem-fundo-pequeno-1536x1152.webp 1536w\" sizes=\"auto, (max-width: 1890px) 100vw, 1890px\" \/><\/figure>\n<\/div>\n<\/div>\n","protected":false},"excerpt":{"rendered":"","protected":false},"author":1,"featured_media":0,"parent":360,"menu_order":0,"comment_status":"closed","ping_status":"closed","template":"","meta":{"mascarante_color":"#04bd7a","mascarante_title_color":"","footnotes":""},"class_list":["post-365","page","type-page","status-publish","hentry"],"_links":{"self":[{"href":"https:\/\/mascarante.eba.ufmg.br\/index.php\/wp-json\/wp\/v2\/pages\/365","targetHints":{"allow":["GET"]}}],"collection":[{"href":"https:\/\/mascarante.eba.ufmg.br\/index.php\/wp-json\/wp\/v2\/pages"}],"about":[{"href":"https:\/\/mascarante.eba.ufmg.br\/index.php\/wp-json\/wp\/v2\/types\/page"}],"author":[{"embeddable":true,"href":"https:\/\/mascarante.eba.ufmg.br\/index.php\/wp-json\/wp\/v2\/users\/1"}],"replies":[{"embeddable":true,"href":"https:\/\/mascarante.eba.ufmg.br\/index.php\/wp-json\/wp\/v2\/comments?post=365"}],"version-history":[{"count":4,"href":"https:\/\/mascarante.eba.ufmg.br\/index.php\/wp-json\/wp\/v2\/pages\/365\/revisions"}],"predecessor-version":[{"id":429,"href":"https:\/\/mascarante.eba.ufmg.br\/index.php\/wp-json\/wp\/v2\/pages\/365\/revisions\/429"}],"up":[{"embeddable":true,"href":"https:\/\/mascarante.eba.ufmg.br\/index.php\/wp-json\/wp\/v2\/pages\/360"}],"wp:attachment":[{"href":"https:\/\/mascarante.eba.ufmg.br\/index.php\/wp-json\/wp\/v2\/media?parent=365"}],"curies":[{"name":"wp","href":"https:\/\/api.w.org\/{rel}","templated":true}]}}