{"id":360,"date":"2025-08-14T02:13:08","date_gmt":"2025-08-14T05:13:08","guid":{"rendered":"https:\/\/mascarante.eba.ufmg.br\/?page_id=360"},"modified":"2025-08-19T00:14:20","modified_gmt":"2025-08-19T03:14:20","slug":"trabalhos-academicos","status":"publish","type":"page","link":"https:\/\/mascarante.eba.ufmg.br\/index.php\/biblioteca\/trabalhos-academicos\/","title":{"rendered":"Trabalhos Acad\u00eamicos"},"content":{"rendered":"\n<div class=\"wp-block-group alignwide has-global-padding is-layout-constrained wp-container-core-group-is-layout-639b5052 wp-block-group-is-layout-constrained\" style=\"padding-top:0;padding-right:0;padding-bottom:0;padding-left:0\">\n<div class=\"wp-block-group alignwide has-white-background-color has-background is-layout-flow wp-block-group-is-layout-flow\" style=\"padding-top:var(--wp--preset--spacing--50);padding-right:var(--wp--preset--spacing--50);padding-bottom:var(--wp--preset--spacing--50);padding-left:var(--wp--preset--spacing--50)\">\n<p><a href=\"https:\/\/mascarante.eba.ufmg.br\/index.php\/biblioteca\/trabalhos-academicos\/artigos\/\" data-type=\"page\" data-id=\"365\">Artigos<\/a><\/p>\n\n\n\n<h3 class=\"wp-block-heading\">Trabalhos de Conclus\u00e3o de Curso<\/h3>\n\n\n\n<p><a href=\"https:\/\/www2.ufrb.edu.br\/artesvisuais\/images\/TCCs_-_Trabalhos_de_Conclus%C3%A3o_de_Curso\/TCC_2014\/TCC_GUGUI_MARTINEZ_CARETAS_CONTEMPORA%CC%82NEOS_-_OS_MEIOS_ELETRO%CC%82NICOS_INTRODUZIDOS_NAS_MA%CC%81SCARAS_2014.pdf\">Caretas Contempor\u00e2neos: Os Meios Eletr\u00f4nicos Introduzidos nas M\u00e1scaras<\/a> \u2013 Gugui Martinez<\/p>\n\n\n\n<p><a href=\"https:\/\/repositorio.unilab.edu.br\/jspui\/bitstream\/123456789\/699\/1\/2016_mono_jalves.pdf\">Mem\u00f3rias e narrativas de resist\u00eancia num rec\u00f4ncavo da Bahia: as Caretas de Acupe \u2013 Santo Amaro<\/a> \u2013 Joice Loena do Sacramento Alves<\/p>\n<\/div>\n\n\n\n<div class=\"wp-block-group alignfull is-vertical is-content-justification-center is-layout-flex wp-container-core-group-is-layout-ce155fab wp-block-group-is-layout-flex\">\n<figure class=\"wp-block-image aligncenter size-full is-resized\"><img loading=\"lazy\" decoding=\"async\" width=\"1890\" height=\"1417\" src=\"https:\/\/mascarante.eba.ufmg.br\/wp-content\/uploads\/2025\/08\/folia-de-reis-sem-fundo-pequeno.webp\" alt=\"\" class=\"wp-image-296\" style=\"width:1011px;height:auto\" srcset=\"https:\/\/mascarante.eba.ufmg.br\/wp-content\/uploads\/2025\/08\/folia-de-reis-sem-fundo-pequeno.webp 1890w, https:\/\/mascarante.eba.ufmg.br\/wp-content\/uploads\/2025\/08\/folia-de-reis-sem-fundo-pequeno-300x225.webp 300w, https:\/\/mascarante.eba.ufmg.br\/wp-content\/uploads\/2025\/08\/folia-de-reis-sem-fundo-pequeno-1024x768.webp 1024w, https:\/\/mascarante.eba.ufmg.br\/wp-content\/uploads\/2025\/08\/folia-de-reis-sem-fundo-pequeno-768x576.webp 768w, https:\/\/mascarante.eba.ufmg.br\/wp-content\/uploads\/2025\/08\/folia-de-reis-sem-fundo-pequeno-1536x1152.webp 1536w\" sizes=\"auto, (max-width: 1890px) 100vw, 1890px\" \/><\/figure>\n<\/div>\n<\/div>\n","protected":false},"excerpt":{"rendered":"<p>Artigos Trabalhos de Conclus\u00e3o de Curso Caretas Contempor\u00e2neos: Os Meios Eletr\u00f4nicos Introduzidos nas M\u00e1scaras \u2013 Gugui Martinez Mem\u00f3rias e narrativas de resist\u00eancia num rec\u00f4ncavo da Bahia: as Caretas de Acupe \u2013 Santo Amaro \u2013 Joice Loena do Sacramento Alves<\/p>\n","protected":false},"author":1,"featured_media":0,"parent":12,"menu_order":0,"comment_status":"closed","ping_status":"closed","template":"","meta":{"mascarante_color":"#04bd7a","mascarante_title_color":"","footnotes":""},"class_list":["post-360","page","type-page","status-publish","hentry"],"_links":{"self":[{"href":"https:\/\/mascarante.eba.ufmg.br\/index.php\/wp-json\/wp\/v2\/pages\/360","targetHints":{"allow":["GET"]}}],"collection":[{"href":"https:\/\/mascarante.eba.ufmg.br\/index.php\/wp-json\/wp\/v2\/pages"}],"about":[{"href":"https:\/\/mascarante.eba.ufmg.br\/index.php\/wp-json\/wp\/v2\/types\/page"}],"author":[{"embeddable":true,"href":"https:\/\/mascarante.eba.ufmg.br\/index.php\/wp-json\/wp\/v2\/users\/1"}],"replies":[{"embeddable":true,"href":"https:\/\/mascarante.eba.ufmg.br\/index.php\/wp-json\/wp\/v2\/comments?post=360"}],"version-history":[{"count":6,"href":"https:\/\/mascarante.eba.ufmg.br\/index.php\/wp-json\/wp\/v2\/pages\/360\/revisions"}],"predecessor-version":[{"id":450,"href":"https:\/\/mascarante.eba.ufmg.br\/index.php\/wp-json\/wp\/v2\/pages\/360\/revisions\/450"}],"up":[{"embeddable":true,"href":"https:\/\/mascarante.eba.ufmg.br\/index.php\/wp-json\/wp\/v2\/pages\/12"}],"wp:attachment":[{"href":"https:\/\/mascarante.eba.ufmg.br\/index.php\/wp-json\/wp\/v2\/media?parent=360"}],"curies":[{"name":"wp","href":"https:\/\/api.w.org\/{rel}","templated":true}]}}