{"id":350,"date":"2025-08-14T01:51:55","date_gmt":"2025-08-14T04:51:55","guid":{"rendered":"https:\/\/mascarante.eba.ufmg.br\/?page_id=350"},"modified":"2025-08-19T00:12:32","modified_gmt":"2025-08-19T03:12:32","slug":"producoes-artisticas","status":"publish","type":"page","link":"https:\/\/mascarante.eba.ufmg.br\/index.php\/biblioteca\/producoes-artisticas\/","title":{"rendered":"Produ\u00e7\u00f5es Art\u00edsticas"},"content":{"rendered":"\n<div class=\"wp-block-group alignwide has-global-padding is-layout-constrained wp-container-core-group-is-layout-639b5052 wp-block-group-is-layout-constrained\" style=\"padding-top:0;padding-right:0;padding-bottom:0;padding-left:0\">\n<div class=\"wp-block-group alignwide has-white-background-color has-background is-layout-flow wp-block-group-is-layout-flow\" style=\"padding-top:var(--wp--preset--spacing--50);padding-right:var(--wp--preset--spacing--50);padding-bottom:var(--wp--preset--spacing--50);padding-left:var(--wp--preset--spacing--50)\">\n<p>Produ\u00e7\u00f5es art\u00edsticas com m\u00e1scaras e mascaramentos realizadas em Belo Horizonte.<\/p>\n\n\n\n<p><strong>De onde nascem as margens<\/strong>&nbsp;(Belo Horizonte, 2019)<br><strong>Mascarada: Encontro de M\u00e1scaras de Belo Horizonte<\/strong> (2022, 2024)<br><strong>No Reino de Calama\u00e7o<\/strong> (Grupo \u00c0s Avessas, Belo Horizonte, 2024)<br><strong>\u00d4, ben\u00e7a!<\/strong> (Grupo LAPA-UFMG e Duo Mimexe, Belo Horizonte, 2024)<br><strong>Teatro \u00e0 venda: com\u00e9dias populares<\/strong>&nbsp;(Belo Horizonte, 2022)<\/p>\n<\/div>\n\n\n\n<div class=\"wp-block-group alignfull is-vertical is-content-justification-center is-layout-flex wp-container-core-group-is-layout-ce155fab wp-block-group-is-layout-flex\">\n<figure class=\"wp-block-image aligncenter size-full is-resized\"><img loading=\"lazy\" decoding=\"async\" width=\"1890\" height=\"1417\" src=\"https:\/\/mascarante.eba.ufmg.br\/wp-content\/uploads\/2025\/08\/folia-de-reis-sem-fundo-pequeno.webp\" alt=\"\" class=\"wp-image-296\" style=\"width:1011px;height:auto\" srcset=\"https:\/\/mascarante.eba.ufmg.br\/wp-content\/uploads\/2025\/08\/folia-de-reis-sem-fundo-pequeno.webp 1890w, https:\/\/mascarante.eba.ufmg.br\/wp-content\/uploads\/2025\/08\/folia-de-reis-sem-fundo-pequeno-300x225.webp 300w, https:\/\/mascarante.eba.ufmg.br\/wp-content\/uploads\/2025\/08\/folia-de-reis-sem-fundo-pequeno-1024x768.webp 1024w, https:\/\/mascarante.eba.ufmg.br\/wp-content\/uploads\/2025\/08\/folia-de-reis-sem-fundo-pequeno-768x576.webp 768w, https:\/\/mascarante.eba.ufmg.br\/wp-content\/uploads\/2025\/08\/folia-de-reis-sem-fundo-pequeno-1536x1152.webp 1536w\" sizes=\"auto, (max-width: 1890px) 100vw, 1890px\" \/><\/figure>\n<\/div>\n<\/div>\n","protected":false},"excerpt":{"rendered":"<p>Produ\u00e7\u00f5es art\u00edsticas com m\u00e1scaras e mascaramentos realizadas em Belo Horizonte. De onde nascem as margens&nbsp;(Belo Horizonte, 2019)Mascarada: Encontro de M\u00e1scaras de Belo Horizonte (2022, 2024)No Reino de Calama\u00e7o (Grupo \u00c0s Avessas, Belo Horizonte, 2024)\u00d4, ben\u00e7a! (Grupo LAPA-UFMG e Duo Mimexe, Belo Horizonte, 2024)Teatro \u00e0 venda: com\u00e9dias populares&nbsp;(Belo Horizonte, 2022)<\/p>\n","protected":false},"author":1,"featured_media":0,"parent":12,"menu_order":0,"comment_status":"closed","ping_status":"closed","template":"","meta":{"mascarante_color":"#04bd7a","mascarante_title_color":"","footnotes":""},"class_list":["post-350","page","type-page","status-publish","hentry"],"_links":{"self":[{"href":"https:\/\/mascarante.eba.ufmg.br\/index.php\/wp-json\/wp\/v2\/pages\/350","targetHints":{"allow":["GET"]}}],"collection":[{"href":"https:\/\/mascarante.eba.ufmg.br\/index.php\/wp-json\/wp\/v2\/pages"}],"about":[{"href":"https:\/\/mascarante.eba.ufmg.br\/index.php\/wp-json\/wp\/v2\/types\/page"}],"author":[{"embeddable":true,"href":"https:\/\/mascarante.eba.ufmg.br\/index.php\/wp-json\/wp\/v2\/users\/1"}],"replies":[{"embeddable":true,"href":"https:\/\/mascarante.eba.ufmg.br\/index.php\/wp-json\/wp\/v2\/comments?post=350"}],"version-history":[{"count":4,"href":"https:\/\/mascarante.eba.ufmg.br\/index.php\/wp-json\/wp\/v2\/pages\/350\/revisions"}],"predecessor-version":[{"id":426,"href":"https:\/\/mascarante.eba.ufmg.br\/index.php\/wp-json\/wp\/v2\/pages\/350\/revisions\/426"}],"up":[{"embeddable":true,"href":"https:\/\/mascarante.eba.ufmg.br\/index.php\/wp-json\/wp\/v2\/pages\/12"}],"wp:attachment":[{"href":"https:\/\/mascarante.eba.ufmg.br\/index.php\/wp-json\/wp\/v2\/media?parent=350"}],"curies":[{"name":"wp","href":"https:\/\/api.w.org\/{rel}","templated":true}]}}