{"id":330,"date":"2025-08-14T01:33:05","date_gmt":"2025-08-14T04:33:05","guid":{"rendered":"https:\/\/mascarante.eba.ufmg.br\/?page_id=330"},"modified":"2025-08-19T00:12:00","modified_gmt":"2025-08-19T03:12:00","slug":"livros-e-e-books","status":"publish","type":"page","link":"https:\/\/mascarante.eba.ufmg.br\/index.php\/biblioteca\/livros-e-e-books\/","title":{"rendered":"Livros e E-books"},"content":{"rendered":"\n<div class=\"wp-block-group alignwide has-global-padding is-layout-constrained wp-container-core-group-is-layout-639b5052 wp-block-group-is-layout-constrained\" style=\"padding-top:0;padding-right:0;padding-bottom:0;padding-left:0\">\n<div class=\"wp-block-group alignwide has-white-background-color has-background is-layout-flow wp-block-group-is-layout-flow\" style=\"padding-top:var(--wp--preset--spacing--50);padding-right:var(--wp--preset--spacing--50);padding-bottom:var(--wp--preset--spacing--50);padding-left:var(--wp--preset--spacing--50)\">\n<ol style=\"line-height:2\" class=\"wp-block-list\">\n<li><strong>Abeced\u00e1rio de personagens do folclore brasileiro. E suas hist\u00f3rias maravilhosas<\/strong> Janu\u00e1ria Cristina Alves. FTD; Ed. SESC, 2017.<\/li>\n\n\n\n<li><strong>Al\u00e9m da Commedia dell\u2019Arte: a aventura em um barrac\u00e3o de m\u00e1scaras<\/strong> Tiche Vianna. Ed. Perspectiva, 2023.<\/li>\n\n\n\n<li><strong>Anais do III Col\u00f3quio Internacional Mascaramento na Cena Expandida\/Grupo LAPA-UFMG [recurso eletr\u00f4nico]<\/strong>&nbsp;<\/li>\n\n\n\n<li>Bya Braga, M. S. Lopes (Org.). EBA UFMG, 2023.<\/li>\n\n\n\n<li><strong>A arte secreta do ator. Dicion\u00e1rio de antropologia teatral<\/strong>&nbsp;Eugenio Barba, Nicola Savarese. Trad. Luis Ot\u00e1vio Burnier (sup.). HUCITEC-UNICAMP, 1995.<\/li>\n\n\n\n<li><strong>A m\u00e1scara: do teatro ritual ao teatro brincante <\/strong>Oswaldo Barroso. Armaz\u00e9m da Cultura, 2015.<\/li>\n\n\n\n<li><strong>A m\u00e1scara no teatro moderno. Do avesso da tradi\u00e7\u00e3o \u00e0 contemporaneidade <\/strong>Vin\u00edcius Torres Machado. Ed. UNESP, 2018.<\/li>\n\n\n\n<li><strong>\u00c9tienne Decroux e a artesania de ator: caminhadas para a soberania <\/strong>Bya Braga. Editora UFMG, 2013.<\/li>\n\n\n\n<li><strong>FIMC-Festival Internacional de M\u00e1scaras do Cariri. Conex\u00f5es afetivas <\/strong>Dane de Jade (Org.). Ed. Substancia\/Ong Beatos, 2023.<\/li>\n\n\n\n<li><strong>Manual m\u00ednimo do ator<\/strong> Dario Fo. Trad. Lucas Baldovino e Carlos D. Szlak. SENAC, 1998.<\/li>\n\n\n\n<li><strong>M\u00e1scaras brasileiras. Projeto cultural Rodhia<\/strong> Jacob Klintowts. Ra\u00edzes Artes Gr\u00e1ficas, 1986.<\/li>\n\n\n\n<li><strong>Museu Internacional da m\u00e1scara. A arte m\u00e1gica de Amleto e Donato Sartori<\/strong>&nbsp;Carmelo Alberti, Paola Piizzi. Trad. M. de Lourdes Rabetti (Beti Rabetti). \u00c9 Realiza\u00e7\u00f5es, 2013.<\/li>\n\n\n\n<li><strong>O ator e seus duplos. M\u00e1scaras, bonecos e objetos <\/strong>Ana Maria Amaral. Edusp e Senac, 2002.<\/li>\n\n\n\n<li><strong>O buf\u00e3o e suas artes. Artesania, disfun\u00e7\u00e3o e soberania <\/strong>Bya Braga, Jos\u00e9 Tonezzi. Paco Editorial, 2017.<\/li>\n\n\n\n<li><strong>O Corpo Po\u00e9tico: Uma pedagogia da cria\u00e7\u00e3o teatral <\/strong>Jacques Lecoq. Editora Senac. Edi\u00e7\u00e3o SESC SP, 2010.<\/li>\n\n\n\n<li><strong>Palha\u00e7os da Cara Preta. Pai Francisco e Catirina, Mateus e Basti\u00e3o, Parentes de Macuna\u00edma no Boi, Cavalo-Marinho e Folia-de-Reis \u2013 MA, PE, MG <\/strong>Andr\u00e9 Paula Bueno. EDUSP, 2014.<\/li>\n\n\n\n<li><strong>Teatro de m\u00e1scaras<\/strong> Valmor N. Beltrame, Milton de Andrade (Org.). UDESC, 2011.<\/li>\n\n\n\n<li><strong>Viva pareia! Corpo, dan\u00e7a e brincadeira no cavalo-marinho de Pernambuco <\/strong>Maria Aceslrad. Ed. Universit\u00e1ria UFPE, 2013.<\/li>\n<\/ol>\n<\/div>\n\n\n\n<div class=\"wp-block-group alignfull is-vertical is-content-justification-center is-layout-flex wp-container-core-group-is-layout-ce155fab wp-block-group-is-layout-flex\">\n<figure class=\"wp-block-image aligncenter size-full is-resized\"><img loading=\"lazy\" decoding=\"async\" width=\"1890\" height=\"1417\" src=\"https:\/\/mascarante.eba.ufmg.br\/wp-content\/uploads\/2025\/08\/folia-de-reis-sem-fundo-pequeno.webp\" alt=\"\" class=\"wp-image-296\" style=\"width:1011px;height:auto\" srcset=\"https:\/\/mascarante.eba.ufmg.br\/wp-content\/uploads\/2025\/08\/folia-de-reis-sem-fundo-pequeno.webp 1890w, https:\/\/mascarante.eba.ufmg.br\/wp-content\/uploads\/2025\/08\/folia-de-reis-sem-fundo-pequeno-300x225.webp 300w, https:\/\/mascarante.eba.ufmg.br\/wp-content\/uploads\/2025\/08\/folia-de-reis-sem-fundo-pequeno-1024x768.webp 1024w, https:\/\/mascarante.eba.ufmg.br\/wp-content\/uploads\/2025\/08\/folia-de-reis-sem-fundo-pequeno-768x576.webp 768w, https:\/\/mascarante.eba.ufmg.br\/wp-content\/uploads\/2025\/08\/folia-de-reis-sem-fundo-pequeno-1536x1152.webp 1536w\" sizes=\"auto, (max-width: 1890px) 100vw, 1890px\" \/><\/figure>\n<\/div>\n<\/div>\n","protected":false},"excerpt":{"rendered":"","protected":false},"author":1,"featured_media":0,"parent":12,"menu_order":0,"comment_status":"closed","ping_status":"closed","template":"","meta":{"mascarante_color":"#04bd7a","mascarante_title_color":"","footnotes":""},"class_list":["post-330","page","type-page","status-publish","hentry"],"_links":{"self":[{"href":"https:\/\/mascarante.eba.ufmg.br\/index.php\/wp-json\/wp\/v2\/pages\/330","targetHints":{"allow":["GET"]}}],"collection":[{"href":"https:\/\/mascarante.eba.ufmg.br\/index.php\/wp-json\/wp\/v2\/pages"}],"about":[{"href":"https:\/\/mascarante.eba.ufmg.br\/index.php\/wp-json\/wp\/v2\/types\/page"}],"author":[{"embeddable":true,"href":"https:\/\/mascarante.eba.ufmg.br\/index.php\/wp-json\/wp\/v2\/users\/1"}],"replies":[{"embeddable":true,"href":"https:\/\/mascarante.eba.ufmg.br\/index.php\/wp-json\/wp\/v2\/comments?post=330"}],"version-history":[{"count":9,"href":"https:\/\/mascarante.eba.ufmg.br\/index.php\/wp-json\/wp\/v2\/pages\/330\/revisions"}],"predecessor-version":[{"id":448,"href":"https:\/\/mascarante.eba.ufmg.br\/index.php\/wp-json\/wp\/v2\/pages\/330\/revisions\/448"}],"up":[{"embeddable":true,"href":"https:\/\/mascarante.eba.ufmg.br\/index.php\/wp-json\/wp\/v2\/pages\/12"}],"wp:attachment":[{"href":"https:\/\/mascarante.eba.ufmg.br\/index.php\/wp-json\/wp\/v2\/media?parent=330"}],"curies":[{"name":"wp","href":"https:\/\/api.w.org\/{rel}","templated":true}]}}