{"id":300,"date":"2025-08-14T00:44:26","date_gmt":"2025-08-14T03:44:26","guid":{"rendered":"https:\/\/mascarante.eba.ufmg.br\/?page_id=300"},"modified":"2025-09-08T15:31:05","modified_gmt":"2025-09-08T18:31:05","slug":"cursos","status":"publish","type":"page","link":"https:\/\/mascarante.eba.ufmg.br\/index.php\/biblioteca\/cursos\/","title":{"rendered":"Cursos"},"content":{"rendered":"\n<div class=\"wp-block-group alignwide has-global-padding is-layout-constrained wp-container-core-group-is-layout-639b5052 wp-block-group-is-layout-constrained\" style=\"padding-top:0;padding-right:0;padding-bottom:0;padding-left:0\">\n<div class=\"wp-block-group alignwide has-white-background-color has-background is-layout-grid wp-container-core-group-is-layout-478b6e6b wp-block-group-is-layout-grid\">\n<div class=\"wp-block-group has-white-background-color has-background wp-container-content-be15bbfa is-layout-flow wp-block-group-is-layout-flow\" style=\"border-radius:10px;padding-top:var(--wp--preset--spacing--40);padding-right:var(--wp--preset--spacing--40);padding-bottom:var(--wp--preset--spacing--40);padding-left:var(--wp--preset--spacing--40)\">\n<div class=\"wp-block-group alignfull has-border-color is-vertical is-content-justification-center is-layout-flex wp-container-core-group-is-layout-b6c1f246 wp-block-group-is-layout-flex\" style=\"border-color:#abb8c3;border-width:1px;border-radius:20px;min-height:150px\">\n<figure class=\"wp-block-image aligncenter size-full\"><a href=\"https:\/\/www.instagram.com\/barracaoteatro\/\"><img loading=\"lazy\" decoding=\"async\" width=\"150\" height=\"150\" src=\"https:\/\/mascarante.eba.ufmg.br\/wp-content\/uploads\/2025\/08\/barracao.jpg\" alt=\"\" class=\"wp-image-301\"\/><\/a><\/figure>\n<\/div>\n\n\n\n<p class=\"has-text-align-center\" style=\"margin-top:0;margin-right:0;margin-bottom:0;margin-left:0;padding-top:var(--wp--preset--spacing--40);padding-right:0;padding-bottom:var(--wp--preset--spacing--40);padding-left:0;font-size:1rem;line-height:1.4\"><a href=\"https:\/\/www.instagram.com\/barracaoteatro\/\" data-type=\"page\" data-id=\"208\" target=\"_blank\" rel=\"noreferrer noopener\">Barrac\u00e3o Teatro<\/a><\/p>\n<\/div>\n\n\n\n<div class=\"wp-block-group has-white-background-color has-background wp-container-content-be15bbfa is-layout-flow wp-block-group-is-layout-flow\" style=\"border-radius:10px;padding-top:var(--wp--preset--spacing--40);padding-right:var(--wp--preset--spacing--40);padding-bottom:var(--wp--preset--spacing--40);padding-left:var(--wp--preset--spacing--40)\">\n<div class=\"wp-block-group alignfull has-border-color is-vertical is-content-justification-center is-layout-flex wp-container-core-group-is-layout-b6c1f246 wp-block-group-is-layout-flex\" style=\"border-color:#abb8c3;border-width:1px;border-radius:20px;min-height:150px\">\n<figure class=\"wp-block-image size-full is-resized\"><img loading=\"lazy\" decoding=\"async\" width=\"150\" height=\"150\" src=\"https:\/\/mascarante.eba.ufmg.br\/wp-content\/uploads\/2025\/09\/image.png\" alt=\"\" class=\"wp-image-530\" style=\"width:114px;height:auto\"\/><\/figure>\n<\/div>\n\n\n\n<p class=\"has-text-align-center\" style=\"margin-top:0;margin-right:0;margin-bottom:0;margin-left:0;padding-top:var(--wp--preset--spacing--40);padding-right:0;padding-bottom:var(--wp--preset--spacing--40);padding-left:0;font-size:1rem;line-height:1.4\"><a href=\"https:\/\/www.grupomoitara.com.br\/\" data-type=\"link\" data-id=\"https:\/\/www.grupomoitara.com.br\/\">Grupo Musical Moitar\u00e1<\/a><\/p>\n<\/div>\n\n\n\n<div class=\"wp-block-group has-white-background-color has-background wp-container-content-be15bbfa is-layout-flow wp-block-group-is-layout-flow\" style=\"border-radius:10px;padding-top:var(--wp--preset--spacing--40);padding-right:var(--wp--preset--spacing--40);padding-bottom:var(--wp--preset--spacing--40);padding-left:var(--wp--preset--spacing--40)\">\n<div class=\"wp-block-group alignfull has-border-color is-vertical is-content-justification-center is-layout-flex wp-container-core-group-is-layout-b6c1f246 wp-block-group-is-layout-flex\" style=\"border-color:#abb8c3;border-width:1px;border-radius:20px;min-height:150px\">\n<figure class=\"wp-block-image aligncenter size-full\"><a href=\"https:\/\/www.mascaraencena.com\/\" target=\"_blank\" rel=\" noreferrer noopener\"><img loading=\"lazy\" decoding=\"async\" width=\"119\" height=\"91\" src=\"https:\/\/mascarante.eba.ufmg.br\/wp-content\/uploads\/2025\/08\/mascaraencena.jpg\" alt=\"\" class=\"wp-image-302\"\/><\/a><\/figure>\n<\/div>\n\n\n\n<p class=\"has-text-align-center\" style=\"margin-top:0;margin-right:0;margin-bottom:0;margin-left:0;padding-top:var(--wp--preset--spacing--40);padding-right:0;padding-bottom:var(--wp--preset--spacing--40);padding-left:0;font-size:1rem;line-height:1.4\"><a href=\"https:\/\/www.mascaraencena.com\/\" data-type=\"page\" data-id=\"208\" target=\"_blank\" rel=\"noreferrer noopener\">M\u00e1scara Encena<\/a><\/p>\n<\/div>\n\n\n\n<div class=\"wp-block-group has-white-background-color has-background wp-container-content-be15bbfa is-layout-flow wp-block-group-is-layout-flow\" style=\"border-radius:10px;padding-top:var(--wp--preset--spacing--40);padding-right:var(--wp--preset--spacing--40);padding-bottom:var(--wp--preset--spacing--40);padding-left:var(--wp--preset--spacing--40)\">\n<div class=\"wp-block-group alignfull has-border-color is-vertical is-content-justification-center is-layout-flex wp-container-core-group-is-layout-b6c1f246 wp-block-group-is-layout-flex\" style=\"border-color:#abb8c3;border-width:1px;border-radius:20px;min-height:150px\">\n<figure class=\"wp-block-image aligncenter size-full\"><a href=\"https:\/\/www.instagram.com\/gabrielbodstein\" target=\"_blank\" rel=\" noreferrer noopener\"><img loading=\"lazy\" decoding=\"async\" width=\"150\" height=\"150\" src=\"https:\/\/mascarante.eba.ufmg.br\/wp-content\/uploads\/2025\/08\/gabrielbodstein.jpg\" alt=\"\" class=\"wp-image-318\"\/><\/a><\/figure>\n<\/div>\n\n\n\n<p class=\"has-text-align-center\" style=\"margin-top:0;margin-right:0;margin-bottom:0;margin-left:0;padding-top:var(--wp--preset--spacing--40);padding-right:0;padding-bottom:var(--wp--preset--spacing--40);padding-left:0;font-size:1rem;line-height:1.4\"><a href=\"https:\/\/www.instagram.com\/gabrielbodstein\" data-type=\"link\" data-id=\"https:\/\/www.instagram.com\/gabrielbodstein\" target=\"_blank\" rel=\"noreferrer noopener\">Gabriel Bodstein<\/a><\/p>\n<\/div>\n\n\n\n<div class=\"wp-block-group has-white-background-color has-background wp-container-content-be15bbfa is-layout-flow wp-block-group-is-layout-flow\" style=\"border-radius:10px;padding-top:var(--wp--preset--spacing--40);padding-right:var(--wp--preset--spacing--40);padding-bottom:var(--wp--preset--spacing--40);padding-left:var(--wp--preset--spacing--40)\">\n<div class=\"wp-block-group alignfull has-border-color is-vertical is-content-justification-center is-layout-flex wp-container-core-group-is-layout-b6c1f246 wp-block-group-is-layout-flex\" style=\"border-color:#abb8c3;border-width:1px;border-radius:20px;min-height:150px\">\n<figure class=\"wp-block-image aligncenter size-full\"><a href=\"https:\/\/www.instagram.com\/maschereatelie\" target=\"_blank\" rel=\" noreferrer noopener\"><img loading=\"lazy\" decoding=\"async\" width=\"150\" height=\"150\" src=\"https:\/\/mascarante.eba.ufmg.br\/wp-content\/uploads\/2025\/08\/maschereatelie.jpg\" alt=\"\" class=\"wp-image-320\"\/><\/a><\/figure>\n<\/div>\n\n\n\n<p class=\"has-text-align-center\" style=\"margin-top:0;margin-right:0;margin-bottom:0;margin-left:0;padding-top:var(--wp--preset--spacing--40);padding-right:0;padding-bottom:var(--wp--preset--spacing--40);padding-left:0;font-size:1rem;line-height:1.4\"><a href=\"https:\/\/www.instagram.com\/maschereatelie\" data-type=\"link\" data-id=\"https:\/\/www.instagram.com\/maschereatelie\" target=\"_blank\" rel=\"noreferrer noopener\">Maschere Atelie<\/a><\/p>\n<\/div>\n\n\n\n<div class=\"wp-block-group has-white-background-color has-background wp-container-content-be15bbfa is-layout-flow wp-block-group-is-layout-flow\" style=\"border-radius:10px;padding-top:var(--wp--preset--spacing--40);padding-right:var(--wp--preset--spacing--40);padding-bottom:var(--wp--preset--spacing--40);padding-left:var(--wp--preset--spacing--40)\">\n<div class=\"wp-block-group alignfull has-border-color is-vertical is-content-justification-center is-layout-flex wp-container-core-group-is-layout-b6c1f246 wp-block-group-is-layout-flex\" style=\"border-color:#abb8c3;border-width:1px;border-radius:20px;min-height:150px\">\n<figure class=\"wp-block-image aligncenter size-full\"><a href=\"https:\/\/www.instagram.com\/ciadosbondresoficial\/\" target=\"_blank\" rel=\" noreferrer noopener\"><img loading=\"lazy\" decoding=\"async\" width=\"150\" height=\"150\" src=\"https:\/\/mascarante.eba.ufmg.br\/wp-content\/uploads\/2025\/08\/ciadosbondresoficial.jpg\" alt=\"\" class=\"wp-image-324\"\/><\/a><\/figure>\n<\/div>\n\n\n\n<p class=\"has-text-align-center\" style=\"margin-top:0;margin-right:0;margin-bottom:0;margin-left:0;padding-top:var(--wp--preset--spacing--40);padding-right:0;padding-bottom:var(--wp--preset--spacing--40);padding-left:0;font-size:1rem;line-height:1.4\"><a href=\"https:\/\/www.instagram.com\/ciadosbondresoficial\/\" data-type=\"link\" data-id=\"https:\/\/www.instagram.com\/ciadosbondresoficial\/\" target=\"_blank\" rel=\"noreferrer noopener\">Cia dos Bondres<\/a><\/p>\n<\/div>\n\n\n\n<div class=\"wp-block-group has-white-background-color has-background wp-container-content-be15bbfa is-layout-flow wp-block-group-is-layout-flow\" style=\"border-radius:10px;padding-top:var(--wp--preset--spacing--40);padding-right:var(--wp--preset--spacing--40);padding-bottom:var(--wp--preset--spacing--40);padding-left:var(--wp--preset--spacing--40)\">\n<div class=\"wp-block-group alignfull has-border-color is-vertical is-content-justification-center is-layout-flex wp-container-core-group-is-layout-b6c1f246 wp-block-group-is-layout-flex\" style=\"border-color:#abb8c3;border-width:1px;border-radius:20px;min-height:150px\">\n<figure class=\"wp-block-image aligncenter size-full\"><a href=\"https:\/\/www.instagram.com\/rodrigosangodare\/\" target=\"_blank\" rel=\" noreferrer noopener\"><img loading=\"lazy\" decoding=\"async\" width=\"150\" height=\"150\" src=\"https:\/\/mascarante.eba.ufmg.br\/wp-content\/uploads\/2025\/08\/rodrigosangodare.jpg\" alt=\"\" class=\"wp-image-326\"\/><\/a><\/figure>\n<\/div>\n\n\n\n<p class=\"has-text-align-center\" style=\"margin-top:0;margin-right:0;margin-bottom:0;margin-left:0;padding-top:var(--wp--preset--spacing--40);padding-right:0;padding-bottom:var(--wp--preset--spacing--40);padding-left:0;font-size:1rem;line-height:1.4\"><a href=\"https:\/\/www.instagram.com\/rodrigosangodare\/\" data-type=\"link\" data-id=\"https:\/\/www.instagram.com\/rodrigosangodare\/\" target=\"_blank\" rel=\"noreferrer noopener\"><\/a><a href=\"https:\/\/www.instagram.com\/rodrigosangodare\" target=\"_blank\" rel=\"noreferrer noopener\">S\u00c0NG\u00d3D\u00c1RE<\/a><\/p>\n<\/div>\n<\/div>\n<\/div>\n","protected":false},"excerpt":{"rendered":"<p>Barrac\u00e3o Teatro Grupo Musical Moitar\u00e1 M\u00e1scara Encena Gabriel Bodstein Maschere Atelie Cia dos Bondres S\u00c0NG\u00d3D\u00c1RE<\/p>\n","protected":false},"author":1,"featured_media":0,"parent":12,"menu_order":0,"comment_status":"closed","ping_status":"closed","template":"","meta":{"mascarante_color":"#04bd7a","mascarante_title_color":"","footnotes":""},"class_list":["post-300","page","type-page","status-publish","hentry"],"_links":{"self":[{"href":"https:\/\/mascarante.eba.ufmg.br\/index.php\/wp-json\/wp\/v2\/pages\/300","targetHints":{"allow":["GET"]}}],"collection":[{"href":"https:\/\/mascarante.eba.ufmg.br\/index.php\/wp-json\/wp\/v2\/pages"}],"about":[{"href":"https:\/\/mascarante.eba.ufmg.br\/index.php\/wp-json\/wp\/v2\/types\/page"}],"author":[{"embeddable":true,"href":"https:\/\/mascarante.eba.ufmg.br\/index.php\/wp-json\/wp\/v2\/users\/1"}],"replies":[{"embeddable":true,"href":"https:\/\/mascarante.eba.ufmg.br\/index.php\/wp-json\/wp\/v2\/comments?post=300"}],"version-history":[{"count":26,"href":"https:\/\/mascarante.eba.ufmg.br\/index.php\/wp-json\/wp\/v2\/pages\/300\/revisions"}],"predecessor-version":[{"id":531,"href":"https:\/\/mascarante.eba.ufmg.br\/index.php\/wp-json\/wp\/v2\/pages\/300\/revisions\/531"}],"up":[{"embeddable":true,"href":"https:\/\/mascarante.eba.ufmg.br\/index.php\/wp-json\/wp\/v2\/pages\/12"}],"wp:attachment":[{"href":"https:\/\/mascarante.eba.ufmg.br\/index.php\/wp-json\/wp\/v2\/media?parent=300"}],"curies":[{"name":"wp","href":"https:\/\/api.w.org\/{rel}","templated":true}]}}