{"id":269,"date":"2025-08-13T10:00:39","date_gmt":"2025-08-13T13:00:39","guid":{"rendered":"https:\/\/mascarante.eba.ufmg.br\/?page_id=269"},"modified":"2026-04-17T15:48:18","modified_gmt":"2026-04-17T18:48:18","slug":"regiao-norte","status":"publish","type":"page","link":"https:\/\/mascarante.eba.ufmg.br\/index.php\/mascaras-e-mascaramentos\/teatralidades-brasileiras\/regiao-norte\/","title":{"rendered":"Regi\u00e3o Norte"},"content":{"rendered":"\n<div class=\"wp-block-group alignwide has-global-padding is-layout-constrained wp-container-core-group-is-layout-639b5052 wp-block-group-is-layout-constrained\" style=\"padding-top:0;padding-right:0;padding-bottom:0;padding-left:0\">\n<h3 class=\"wp-block-heading has-text-align-center has-white-color has-text-color has-link-color wp-elements-d89e1f5013ac48f32d72ee0c95ea002c\" style=\"font-size:2rem\">(teatralidades brasileiras)<\/h3>\n\n\n\n<div class=\"wp-block-group alignwide has-white-background-color has-background is-layout-flow wp-block-group-is-layout-flow\" style=\"padding-top:var(--wp--preset--spacing--50);padding-right:var(--wp--preset--spacing--50);padding-bottom:var(--wp--preset--spacing--50);padding-left:var(--wp--preset--spacing--50)\">\n<div class=\"wp-block-columns is-layout-flex wp-container-core-columns-is-layout-28f84493 wp-block-columns-is-layout-flex\">\n<div class=\"wp-block-column is-layout-flow wp-block-column-is-layout-flow\" style=\"flex-basis:88%\">\n<p class=\"has-text-align-left has-text-color has-link-color has-alata-font-family wp-elements-90d7f8923947e18e964cb20cb53fcdb4\" style=\"color:#870506;margin-top:0;margin-right:0;margin-bottom:0;margin-left:0;font-size:1.9rem\">Lizarda, Regi\u00e3o do Jalap\u00e3o \/ Tocantins<\/p>\n\n\n\n<p class=\"has-text-align-left has-medium-font-size\" style=\"margin-top:0;margin-right:0;margin-bottom:0;margin-left:0;padding-top:0;padding-bottom:0\"><strong>Caretas de Lizarda<\/strong><\/p>\n\n\n\n<p><strong>Tipo de M\u00e1scara<\/strong><br>M\u00e1scaras inteiras grandes e expressivas. Mascaramento comopleto com folhas de bananeira e cord\u00e3o de folha de buriti<\/p>\n\n\n\n<p><strong>Material utilizado na confec\u00e7\u00e3o da M\u00e1scara<\/strong><br>Confeccionadas em couro, papel ou caba\u00e7a. Cabelos feitos com peles de animais.<\/p>\n\n\n\n<p><strong>Pessoas \/ Refer\u00eancia<\/strong><br>Fam\u00edlia do senhor Jo\u00e3o Delmar \/ Teixeira<br>Fam\u00edlia Papim<\/p>\n\n\n\n<p><em>&#8220;Com a inten\u00e7\u00e3o de provocar medo nas pessoas e proteger um espa\u00e7o onde guardam cana-de-a\u00e7\u00facar, um grupo de homens cobre o rosto com m\u00e1scaras, caracterizando-se como os Caretas de Lizarda.<br>Quem tentar roubar seus mantimentos leva chicotada dos Caretas, numa manifesta\u00e7\u00e3o popular semelhante a um espet\u00e1culo teatral.<br>Essa manifesta\u00e7\u00e3o acontece no munic\u00edpio de Lizarda, na regi\u00e3o do <strong>Jalap\u00e3o<\/strong>, durante a Semana Santa, na Sexta-Feira da Paix\u00e3o, seguindo at\u00e9 a madrugada do S\u00e1bado de Aleluia.&#8221;<\/em><\/p>\n\n\n\n<p><strong>Fontes<\/strong><br><a href=\"https:\/\/jalapao.weebly.com\/eventos-cultura-e-lazer.html\">https:\/\/jalapao.weebly.com\/<\/a><br><a href=\"https:\/\/www.to.gov.br\/secom\/noticias\/caretas-fazem-sucesso-em-lizarda\/oymqqxwojhn\">https:\/\/www.to.gov.br\/<\/a><br><a href=\"https:\/\/globoplay.globo.com\/v\/12471710\/\">https:\/\/globoplay.globo.com\/<\/a><\/p>\n<\/div>\n\n\n\n<div class=\"wp-block-column is-vertically-aligned-center is-layout-flow wp-block-column-is-layout-flow\" style=\"flex-basis:12%\">\n<figure class=\"wp-block-image aligncenter size-full\"><img loading=\"lazy\" decoding=\"async\" width=\"130\" height=\"521\" src=\"https:\/\/mascarante.eba.ufmg.br\/wp-content\/uploads\/2025\/08\/figuras-05.png\" alt=\"\" class=\"wp-image-272\" srcset=\"https:\/\/mascarante.eba.ufmg.br\/wp-content\/uploads\/2025\/08\/figuras-05.png 130w, https:\/\/mascarante.eba.ufmg.br\/wp-content\/uploads\/2025\/08\/figuras-05-75x300.png 75w\" sizes=\"auto, (max-width: 130px) 100vw, 130px\" \/><\/figure>\n<\/div>\n<\/div>\n\n\n\n<hr class=\"wp-block-separator has-text-color has-alpha-channel-opacity has-background is-style-wide\" style=\"background-color:#ebebeb;color:#ebebeb\"\/>\n\n\n\n<div class=\"wp-block-columns is-layout-flex wp-container-core-columns-is-layout-28f84493 wp-block-columns-is-layout-flex\">\n<div class=\"wp-block-column is-layout-flow wp-block-column-is-layout-flow\" style=\"flex-basis:88%\">\n<p class=\"has-text-align-left has-text-color has-link-color has-alata-font-family wp-elements-069933e48328908bdf26f683a8bdc5c4\" style=\"color:#870506;margin-top:0;margin-right:0;margin-bottom:0;margin-left:0;font-size:1.9rem\">Arrai\u00e1s e Comunidade Quilombola Lagoa da Pedra \/ Tocantins<\/p>\n\n\n\n<p class=\"has-text-align-left has-medium-font-size\" style=\"margin-top:0;margin-right:0;margin-bottom:0;margin-left:0;padding-top:0;padding-bottom:0\"><strong>Festa dos Caretas<\/strong><\/p>\n\n\n\n<p><strong>Tipo de M\u00e1scara<\/strong><br>M\u00e1scaras inteiras. Mascaramento completo.<\/p>\n\n\n\n<p><strong>Material utilizado na confec\u00e7\u00e3o da M\u00e1scara<\/strong><br>Para a m\u00e1scara do rosto: papel, couros e caba\u00e7as. Para a vestimenta: uso de elementos naturais como folhas e palhas<\/p>\n\n\n\n<p><em>&#8220;Uma tradi\u00e7\u00e3o que remonta ao ano de 1932, a Festa dos Caretas acontece em Lizarda, a 278 km de Palmas, no nordeste do Estado.<br>Fam\u00edlias envolvidas com a tradi\u00e7\u00e3o re\u00fanem-se e realizam a manifesta\u00e7\u00e3o folcl\u00f3rica na Sexta-Feira Santa.<br>Os caretas s\u00e3o homens que usam m\u00e1scaras confeccionadas em couro, papel ou caba\u00e7a, com o objetivo de provocar medo nas pessoas. S\u00e3o personagens comuns em v\u00e1rias festividades de outras comunidades, como <strong>Lagoa da Pedra<\/strong>, em Arr\u00e1ias.<br>Em Lizarda, a festa ocorre \u00e0 noite, e os participantes tentam invadir uma \u00e1rea, que \u00e9 defendida pelos caretas.&#8221;<\/em><\/p>\n\n\n\n<p><strong>Fontes<\/strong><br><a href=\"https:\/\/jpturismo.com.br\/semana-santa-revela-cultura-e-religiosidade-do-povo-tocantinense\/\">https:\/\/jpturismo.com.br\/<\/a><\/p>\n<\/div>\n\n\n\n<div class=\"wp-block-column is-vertically-aligned-center is-layout-flow wp-block-column-is-layout-flow\" style=\"flex-basis:12%\">\n<figure class=\"wp-block-image aligncenter size-full\"><img loading=\"lazy\" decoding=\"async\" width=\"131\" height=\"522\" src=\"https:\/\/mascarante.eba.ufmg.br\/wp-content\/uploads\/2025\/08\/figuras-06-1.png\" alt=\"\" class=\"wp-image-277\" srcset=\"https:\/\/mascarante.eba.ufmg.br\/wp-content\/uploads\/2025\/08\/figuras-06-1.png 131w, https:\/\/mascarante.eba.ufmg.br\/wp-content\/uploads\/2025\/08\/figuras-06-1-75x300.png 75w\" sizes=\"auto, (max-width: 131px) 100vw, 131px\" \/><\/figure>\n<\/div>\n<\/div>\n\n\n\n<hr class=\"wp-block-separator has-text-color has-alpha-channel-opacity has-background is-style-wide\" style=\"background-color:#ebebeb;color:#ebebeb\"\/>\n\n\n\n<div class=\"wp-block-columns is-layout-flex wp-container-core-columns-is-layout-28f84493 wp-block-columns-is-layout-flex\">\n<div class=\"wp-block-column is-layout-flow wp-block-column-is-layout-flow\" style=\"flex-basis:88%\">\n<p class=\"has-text-align-left has-text-color has-link-color has-alata-font-family wp-elements-499f182379b5de4b5638db52b1fefb0d\" style=\"color:#870506;margin-top:0;margin-right:0;margin-bottom:0;margin-left:0;font-size:1.9rem\">Parintins \/ Amazonas<\/p>\n\n\n\n<p class=\"has-text-align-left has-medium-font-size\" style=\"margin-top:0;margin-right:0;margin-bottom:0;margin-left:0;padding-top:0;padding-bottom:0\"><strong>Festival de Parintins<\/strong><\/p>\n\n\n\n<p><strong>Tipo de M\u00e1scara<\/strong><br><strong>Bois:<\/strong> Mascaramento completo &#8211; tipo boneco. Mascaramento com maquiagens e adere\u00e7os expressivos<\/p>\n\n\n\n<p><strong>Material utilizado na confec\u00e7\u00e3o da M\u00e1scara<\/strong><br><strong>Bois:<\/strong> Arma\u00e7\u00e3o de madeira epano &#8211; a cabe\u00e7a \u00e9 feita \u00e0 m\u00e3o. Demais mascaramentos s\u00e3o utilizados uma diversidade de materiais, como penas, palhas, maquiagens, etc.<\/p>\n\n\n\n<p><strong>Pessoas \/ Refer\u00eancia<\/strong><br>Boi Garantido, Boi Caprichoso<\/p>\n\n\n\n<p><em>&#8220;A brincadeira do boi remete a uma forma tradicional de teatro popular: a encena\u00e7\u00e3o por pequenos grupos de brincantes de trama baseada na lenda da morte e ressurrei\u00e7\u00e3o do precioso boi.<br>Na brincadeira, o boi \u00e9 a representa\u00e7\u00e3o pl\u00e1stica do animal \u2014 uma carca\u00e7a, feita de bambu, madeira leve ou material an\u00e1logo, coberta de tecido e com uma m\u00e1scara como cabe\u00e7a \u2014 animada por um brincante, acompanhada de outros personagens.<br>Quanto \u00e0 palavra Bumba\/Bumbar (ou a corruptela Bumb\u00e1), presente em certos nomes do folguedo, h\u00e1 diferentes sugest\u00f5es de interpreta\u00e7\u00e3o. Hermilo Borba Filho (1966) aponta dois sentidos:<\/em><\/p>\n\n\n\n<ul class=\"wp-block-list\">\n<li><em>Verbo bumbar, que significa bater fortemente ou surrar.<\/em><\/li>\n\n\n\n<li><em>C\u00e2mara Cascudo (1984) tamb\u00e9m indica Bumb\u00e1 como interjei\u00e7\u00e3o correspondente a choque ou batida, associada \u00e0 excita\u00e7\u00e3o repetida nas cantigas do auto.&#8221;<\/em><\/li>\n<\/ul>\n\n\n\n<p>Deriva\u00e7\u00e3o de <em>Zabumba meu boi<\/em>, ligado \u00e0 dan\u00e7a com tambor grande tocado na posi\u00e7\u00e3o vertical com maceta.<\/p>\n\n\n\n<p><strong>Fonte<\/strong><br><strong>Artigo:<\/strong> O Boi-Bumb\u00e1 de Parintins, Amazonas: Breve Hist\u00f3ria e Etnografia da Festa<br><a href=\"https:\/\/www.scielo.br\/j\/hcsm\/a\/nBC7VW39jNNv3vHB9gzbGnC\/ \u2013 Artigo: O Boi-Bumb\u00e1 de Parintins, Amazonas: Breve Hist\u00f3ria e Etnografia da Festa\">https:\/\/www.scielo.br\/<\/a><br><a href=\"https:\/\/www.lucaslandau.com\/news\/2019\/6\/30\/festival-de-parintins\">https:\/\/www.lucaslandau.com\/<\/a><\/p>\n<\/div>\n\n\n\n<div class=\"wp-block-column is-vertically-aligned-center is-layout-flow wp-block-column-is-layout-flow\" style=\"flex-basis:12%\">\n<figure class=\"wp-block-image aligncenter size-full\"><img loading=\"lazy\" decoding=\"async\" width=\"131\" height=\"524\" src=\"https:\/\/mascarante.eba.ufmg.br\/wp-content\/uploads\/2025\/08\/figuras-07.png\" alt=\"\" class=\"wp-image-281\" srcset=\"https:\/\/mascarante.eba.ufmg.br\/wp-content\/uploads\/2025\/08\/figuras-07.png 131w, https:\/\/mascarante.eba.ufmg.br\/wp-content\/uploads\/2025\/08\/figuras-07-75x300.png 75w\" sizes=\"auto, (max-width: 131px) 100vw, 131px\" \/><\/figure>\n<\/div>\n<\/div>\n\n\n\n<hr class=\"wp-block-separator has-text-color has-alpha-channel-opacity has-background is-style-wide\" style=\"background-color:#ebebeb;color:#ebebeb\"\/>\n\n\n\n<div class=\"wp-block-columns is-layout-flex wp-container-core-columns-is-layout-28f84493 wp-block-columns-is-layout-flex\">\n<div class=\"wp-block-column is-layout-flow wp-block-column-is-layout-flow\" style=\"flex-basis:88%\">\n<p class=\"has-text-align-left has-text-color has-link-color has-alata-font-family wp-elements-6b3f6da4af949ac0d8aed07db7d5daf0\" style=\"color:#870506;margin-top:0;margin-right:0;margin-bottom:0;margin-left:0;font-size:1.9rem\">Santar\u00e9m, Distro de Alter do Ch\u00e3o \/ Par\u00e1<\/p>\n\n\n\n<p class=\"has-text-align-left has-medium-font-size\" style=\"margin-top:0;margin-right:0;margin-bottom:0;margin-left:0;padding-top:0;padding-bottom:0\"><strong>Festa de \u00c7air\u00e9, Festival dos Botos<\/strong><\/p>\n\n\n\n<p><strong>Tipo de M\u00e1scara<\/strong><br><strong>Botos: <\/strong>mascaramento completo &#8211; tipo boneco. Mascaramento com maquiagens e adere\u00e7os expressivos<\/p>\n\n\n\n<p><strong>Material utilizado na confec\u00e7\u00e3o da M\u00e1scara<\/strong><br>Fitas \/ Tecidos diversos \/ espuma \/ penas etc<\/p>\n\n\n\n<p><strong>Pessoas \/ Refer\u00eancia<\/strong><br><a href=\"https:\/\/www.instagram.com\/bototucuxi\/\" data-type=\"link\" data-id=\"https:\/\/www.instagram.com\/bototucuxi\/\">@boto_tucuxi<\/a><br><a href=\"https:\/\/www.instagram.com\/botocorderosaoficial\/\" data-type=\"link\" data-id=\"https:\/\/www.instagram.com\/botocorderosaoficial\/\">@botocorderosaoficial<\/a><\/p>\n\n\n\n<p>\u201cO Festival dos Botos \u00e9 um dos momentos mais aguardados do \u00c7air\u00e9, uma das festas mais tradicionais do Par\u00e1. O evento \u00e9 uma disputa entre as associa\u00e7\u00f5es Boto Cor de Rosa e Boto Tucuxi, que apresentam a lenda do homem boto. A hist\u00f3ria \u00e9 contada atrav\u00e9s de dan\u00e7a, teatro e m\u00fasica.<br>Os grupos escolhem um tema a partir da lenda e disputam a melhor performance, que \u00e9 avaliada em crit\u00e9rios como t\u00e9cnica, desenvoltura, coreografia e evolu\u00e7\u00e3o.\u201d<\/p>\n\n\n\n<p><em>\u201cO estilista <strong>Nilson Coelho<\/strong>, de 36 anos, faz parte da coordena\u00e7\u00e3o de Arte do Boto Cor de Rosa e trabalha h\u00e1 15 anos na idealiza\u00e7\u00e3o de figurinos do grupo que j\u00e1 ganhou nove t\u00edtulos no festival.\u201d<\/em><\/p>\n\n\n\n<p><em>\u201c<strong>Alex Oliveira<\/strong>, de 42 anos, \u00e9 o respons\u00e1vel pelos figurinos do Boto Tucuxi.\u201d<\/em><\/p>\n\n\n\n<p><strong>Fontes<\/strong><br><a href=\"https:\/\/g1.globo.com\/pa\/santarem-regiao\/noticia\/2015\/09\/figurinistas-dos-botos-recriam-historia-e-lendas-em-roupas-para-o-saire.html\">https:\/\/g1.globo.com\/<\/a><\/p>\n<\/div>\n\n\n\n<div class=\"wp-block-column is-vertically-aligned-center is-layout-flow wp-block-column-is-layout-flow\" style=\"flex-basis:12%\">\n<figure class=\"wp-block-image aligncenter size-full\"><img loading=\"lazy\" decoding=\"async\" width=\"129\" height=\"517\" src=\"https:\/\/mascarante.eba.ufmg.br\/wp-content\/uploads\/2025\/08\/figuras-08.png\" alt=\"\" class=\"wp-image-284\" srcset=\"https:\/\/mascarante.eba.ufmg.br\/wp-content\/uploads\/2025\/08\/figuras-08.png 129w, https:\/\/mascarante.eba.ufmg.br\/wp-content\/uploads\/2025\/08\/figuras-08-75x300.png 75w\" sizes=\"auto, (max-width: 129px) 100vw, 129px\" \/><\/figure>\n<\/div>\n<\/div>\n\n\n\n<hr class=\"wp-block-separator has-text-color has-alpha-channel-opacity has-background is-style-wide\" style=\"background-color:#ebebeb;color:#ebebeb\"\/>\n\n\n\n<div class=\"wp-block-columns is-layout-flex wp-container-core-columns-is-layout-28f84493 wp-block-columns-is-layout-flex\">\n<div class=\"wp-block-column is-layout-flow wp-block-column-is-layout-flow\" style=\"flex-basis:88%\">\n<p class=\"has-text-align-left has-text-color has-link-color has-alata-font-family wp-elements-43b9351bcd551def541ac80de73201f8\" style=\"color:#870506;margin-top:0;margin-right:0;margin-bottom:0;margin-left:0;font-size:1.9rem\">S\u00e3o Caetano de Odivelas \/ Par\u00e1<\/p>\n\n\n\n<p class=\"has-text-align-left has-medium-font-size\" style=\"margin-top:0;margin-right:0;margin-bottom:0;margin-left:0;padding-top:0;padding-bottom:0\"><strong>Boi de M\u00e1scaras<\/strong><\/p>\n\n\n\n<p><strong>Tipo de M\u00e1scara<\/strong><br><strong>Bois: <\/strong>mascaramento completo &#8211; tipo boneco. Mascaramento com maquiagens e adere\u00e7os expressivos<br><strong>Pierr\u00f4s:<\/strong> m\u00e1scara inteira<br><strong>Cabe\u00e7udos:<\/strong> cabe\u00e7a sgigantes que cobrem grande parte do corpo dos brincantes<\/p>\n\n\n\n<p><strong>Material utilizado na confec\u00e7\u00e3o da M\u00e1scara<\/strong><br>Materiais comuns a vida da popula\u00e7\u00e3o, como por exemplo a cesta de bamb\u00fa como estrutura da m\u00e1scara pierr\u00f4<\/p>\n\n\n\n<p><strong>Pessoas \/ Refer\u00eancia<\/strong><br><a href=\"https:\/\/www.instagram.com\/boitinga1937\/\">@boitinga1937<\/a><br>Sr. Edgar Gar\u00e7a<br>Ricardo Rodrigues<br><\/p>\n\n\n\n<p>\u201cO artesanato, representado no I Semin\u00e1rio Boi de M\u00e1scaras principalmente pelas m\u00e1scaras e cabe\u00e7udos, \u00e9 uma linguagem central na constru\u00e7\u00e3o identit\u00e1ria dos bois. Artes\u00e3os como o <strong>Sr. Edgar Gar\u00e7a<\/strong> e <strong>Ricardo Rodrigues<\/strong> dedicam suas vidas \u00e0 cria\u00e7\u00e3o destes personagens que ganham forma a partir de materiais comuns \u00e0 vida dos amaz\u00f4nidas e a partir de preciosos saberes adquiridos pelos habilidosos artes\u00e3os que os antecederam. Cada m\u00e1scara, com suas cores, formas e express\u00f5es, n\u00e3o s\u00f3 representa um personagem, mas tamb\u00e9m carrega a identidade da comunidade, a rela\u00e7\u00e3o com o territ\u00f3rio e a hist\u00f3ria dos brincantes. Esses elementos tang\u00edveis, s\u00e3o pontes entre o passado e o presente, e sua preserva\u00e7\u00e3o depende da continuidade desses saberes artesanais.<br>A m\u00fasica desempenha um papel central nas apresenta\u00e7\u00f5es.\u201d<\/p>\n\n\n\n<p><strong>Fontes<\/strong><br>I Semin\u00e1rio Boi de M\u00e1scaras \/ Patrim\u00f4nio e identidade cultural \/ caderno &#8211; Trecho citado escrito por: Prof.e Me Evelin Silva<br><a href=\"https:\/\/fotografaflavia.com.br\/galeria\/1617411081927-festa-do-boi-de-mascaras-em-sao-caetano-de-odivelas\/pa\">https:\/\/fotografaflavia.com.br\/<\/a><br><a href=\"https:\/\/g1.globo.com\/pa\/para\/noticia\/arrastao-do-boi-faz-olhar-um-carnaval-e-folclore-em-sao-caetano-de-odivelas.ghtml\" data-type=\"link\" data-id=\"https:\/\/g1.globo.com\/pa\/para\/noticia\/arrastao-do-boi-faz-olhar-um-carnaval-e-folclore-em-sao-caetano-de-odivelas.ghtml\">https:\/\/g1.globo.com\/<\/a><\/p>\n<\/div>\n\n\n\n<div class=\"wp-block-column is-vertically-aligned-center is-layout-flow wp-block-column-is-layout-flow\" style=\"flex-basis:12%\">\n<figure class=\"wp-block-image aligncenter size-full\"><img loading=\"lazy\" decoding=\"async\" width=\"131\" height=\"519\" src=\"https:\/\/mascarante.eba.ufmg.br\/wp-content\/uploads\/2025\/08\/figuras-09.png\" alt=\"\" class=\"wp-image-288\" srcset=\"https:\/\/mascarante.eba.ufmg.br\/wp-content\/uploads\/2025\/08\/figuras-09.png 131w, https:\/\/mascarante.eba.ufmg.br\/wp-content\/uploads\/2025\/08\/figuras-09-76x300.png 76w\" sizes=\"auto, (max-width: 131px) 100vw, 131px\" \/><\/figure>\n<\/div>\n<\/div>\n<\/div>\n\n\n\n<div class=\"wp-block-group alignfull is-vertical is-content-justification-center is-layout-flex wp-container-core-group-is-layout-ce155fab wp-block-group-is-layout-flex\">\n<figure class=\"wp-block-image aligncenter size-large is-resized\"><img loading=\"lazy\" decoding=\"async\" width=\"1024\" height=\"768\" src=\"https:\/\/mascarante.eba.ufmg.br\/wp-content\/uploads\/2026\/04\/1000040207-1024x768.png\" alt=\"\" class=\"wp-image-584\" style=\"width:531px;height:auto\" srcset=\"https:\/\/mascarante.eba.ufmg.br\/wp-content\/uploads\/2026\/04\/1000040207-1024x768.png 1024w, https:\/\/mascarante.eba.ufmg.br\/wp-content\/uploads\/2026\/04\/1000040207-300x225.png 300w, https:\/\/mascarante.eba.ufmg.br\/wp-content\/uploads\/2026\/04\/1000040207-768x576.png 768w, https:\/\/mascarante.eba.ufmg.br\/wp-content\/uploads\/2026\/04\/1000040207-1536x1152.png 1536w, https:\/\/mascarante.eba.ufmg.br\/wp-content\/uploads\/2026\/04\/1000040207-2048x1536.png 2048w\" sizes=\"auto, (max-width: 1024px) 100vw, 1024px\" \/><\/figure>\n<\/div>\n<\/div>\n","protected":false},"excerpt":{"rendered":"<p>(teatralidades brasileiras) Lizarda, Regi\u00e3o do Jalap\u00e3o \/ Tocantins Caretas de Lizarda Tipo de M\u00e1scaraM\u00e1scaras inteiras grandes e expressivas. Mascaramento comopleto com folhas de bananeira e cord\u00e3o de folha de buriti Material utilizado na confec\u00e7\u00e3o da M\u00e1scaraConfeccionadas em couro, papel ou caba\u00e7a. Cabelos feitos com peles de animais. Pessoas \/ Refer\u00eanciaFam\u00edlia do senhor Jo\u00e3o Delmar \/ [&hellip;]<\/p>\n","protected":false},"author":1,"featured_media":0,"parent":151,"menu_order":0,"comment_status":"closed","ping_status":"closed","template":"","meta":{"mascarante_color":"#039ddb","mascarante_title_color":"","footnotes":""},"class_list":["post-269","page","type-page","status-publish","hentry"],"_links":{"self":[{"href":"https:\/\/mascarante.eba.ufmg.br\/index.php\/wp-json\/wp\/v2\/pages\/269","targetHints":{"allow":["GET"]}}],"collection":[{"href":"https:\/\/mascarante.eba.ufmg.br\/index.php\/wp-json\/wp\/v2\/pages"}],"about":[{"href":"https:\/\/mascarante.eba.ufmg.br\/index.php\/wp-json\/wp\/v2\/types\/page"}],"author":[{"embeddable":true,"href":"https:\/\/mascarante.eba.ufmg.br\/index.php\/wp-json\/wp\/v2\/users\/1"}],"replies":[{"embeddable":true,"href":"https:\/\/mascarante.eba.ufmg.br\/index.php\/wp-json\/wp\/v2\/comments?post=269"}],"version-history":[{"count":20,"href":"https:\/\/mascarante.eba.ufmg.br\/index.php\/wp-json\/wp\/v2\/pages\/269\/revisions"}],"predecessor-version":[{"id":601,"href":"https:\/\/mascarante.eba.ufmg.br\/index.php\/wp-json\/wp\/v2\/pages\/269\/revisions\/601"}],"up":[{"embeddable":true,"href":"https:\/\/mascarante.eba.ufmg.br\/index.php\/wp-json\/wp\/v2\/pages\/151"}],"wp:attachment":[{"href":"https:\/\/mascarante.eba.ufmg.br\/index.php\/wp-json\/wp\/v2\/media?parent=269"}],"curies":[{"name":"wp","href":"https:\/\/api.w.org\/{rel}","templated":true}]}}