{"id":234,"date":"2025-08-13T03:39:30","date_gmt":"2025-08-13T06:39:30","guid":{"rendered":"https:\/\/mascarante.eba.ufmg.br\/?page_id=234"},"modified":"2026-04-17T15:47:57","modified_gmt":"2026-04-17T18:47:57","slug":"regiao-centro-oeste","status":"publish","type":"page","link":"https:\/\/mascarante.eba.ufmg.br\/index.php\/mascaras-e-mascaramentos\/teatralidades-brasileiras\/regiao-centro-oeste\/","title":{"rendered":"Regi\u00e3o Centro-Oeste"},"content":{"rendered":"\n<div class=\"wp-block-group alignwide has-global-padding is-layout-constrained wp-container-core-group-is-layout-639b5052 wp-block-group-is-layout-constrained\" style=\"padding-top:0;padding-right:0;padding-bottom:0;padding-left:0\">\n<h3 class=\"wp-block-heading has-text-align-center has-white-color has-text-color has-link-color wp-elements-d89e1f5013ac48f32d72ee0c95ea002c\" style=\"font-size:2rem\">(teatralidades brasileiras)<\/h3>\n\n\n\n<div class=\"wp-block-group alignwide has-white-background-color has-background is-layout-flow wp-block-group-is-layout-flow\" style=\"padding-top:var(--wp--preset--spacing--50);padding-right:var(--wp--preset--spacing--50);padding-bottom:var(--wp--preset--spacing--50);padding-left:var(--wp--preset--spacing--50)\">\n<div class=\"wp-block-columns is-layout-flex wp-container-core-columns-is-layout-28f84493 wp-block-columns-is-layout-flex\">\n<div class=\"wp-block-column is-layout-flow wp-block-column-is-layout-flow\" style=\"flex-basis:88%\">\n<p class=\"has-text-align-left has-text-color has-link-color has-alata-font-family wp-elements-6c02103d1359395077fe23e3ffd3d3f4\" style=\"color:#870506;margin-top:0;margin-right:0;margin-bottom:0;margin-left:0;font-size:1.9rem\">Distrito Federal<\/p>\n\n\n\n<p class=\"has-text-align-left has-medium-font-size\" style=\"margin-top:0;margin-right:0;margin-bottom:0;margin-left:0;padding-top:0;padding-bottom:0\"><strong>Boi de Seu Teodoro<\/strong><\/p>\n\n\n\n<p><strong>Tipo de M\u00e1scara<\/strong><br>M\u00e1scaras inteiras de rosto &#8211; maiores que o rosto humano, m\u00e1scaras de boi, brincantes \/ cantadores e tocadores<\/p>\n\n\n\n<p><strong>Material utilizado na confec\u00e7\u00e3o da M\u00e1scara<\/strong><br><strong>Cazumb\u00e1:<\/strong> Jun\u00e7\u00e3o de tecidos com estrutura mais r\u00edgida nas orelhas e nariz;<br><strong>Boi:<\/strong> Sua saia \/ capa \u00e9 completamente bordada a m\u00e3o, formando desenhos diversos que variam de ano para ano. Usam roupas coloridas e bordadas e possuem uma marca registrada que \u00e9 o uso de chap\u00e9u bordado com uma franja em toda a extens\u00e3o do c\u00edrculo;<\/p>\n\n\n\n<p><strong>Pessoas \/ Refer\u00eancia<\/strong><br><strong>Teodoro Freire:<\/strong> <a href=\"https:\/\/www.instagram.com\/boideseuteodoro\/\" data-type=\"link\" data-id=\"https:\/\/www.instagram.com\/boideseuteodoro\/\">@boideseuteodoro<\/a><br><strong>Centro de tradi\u00e7\u00f5es populares de Sobradinho:<\/strong> <a href=\"https:\/\/culturacandanga.com.br\/portal\/boi-do-seu-teodoro\/\">https:\/\/culturacandanga.com.br\/<\/a><\/p>\n\n\n\n<p><em>&#8220;Foi em 1961, que o maranhense <strong>Teodoro Freire<\/strong> e a piauiense <strong>Maria Sena<\/strong> desembarcaram, em Bras\u00edlia, com o Bumba-Meu-Boi de Zabumba para comemorar o 1\u00ba anivers\u00e1rio da nova capital do Brasil. Dois anos depois fundaram o Centro de Tradi\u00e7\u00f5es Populares de Sobradinho, mantido vivo, desde ent\u00e3o, por toda a fam\u00edlia. Mestra Maria Sena e seus filhos, Guar\u00e1 Freire, Tam\u00e1 Freire e Comunidade do Boi, deram continuidade ao legado, ap\u00f3s a morte do mestre, com o Boi de Seu Teodoro e Tambor de Crioula de Seu Teodoro, por meio de atividades festivas, formativas e sagradas.&#8221;<\/em><\/p>\n\n\n\n<p><strong>Fonte:<\/strong> <a href=\"https:\/\/expresso61.com.br\/2023\/01\/11\/boi-de-seu-teodoro-em-janeiro-tradicional-grupo-cultural-promove-festa-de-sao-sebastiao-e-lancamento-de-museu\/\">https:\/\/expresso61.com.br\/<\/a><\/p>\n<\/div>\n\n\n\n<div class=\"wp-block-column is-vertically-aligned-center is-layout-flow wp-block-column-is-layout-flow\" style=\"flex-basis:12%\">\n<figure class=\"wp-block-image aligncenter size-full\"><img loading=\"lazy\" decoding=\"async\" width=\"127\" height=\"520\" src=\"https:\/\/mascarante.eba.ufmg.br\/wp-content\/uploads\/2025\/08\/figuras-01.png\" alt=\"\" class=\"wp-image-239\" srcset=\"https:\/\/mascarante.eba.ufmg.br\/wp-content\/uploads\/2025\/08\/figuras-01.png 127w, https:\/\/mascarante.eba.ufmg.br\/wp-content\/uploads\/2025\/08\/figuras-01-73x300.png 73w\" sizes=\"auto, (max-width: 127px) 100vw, 127px\" \/><\/figure>\n<\/div>\n<\/div>\n\n\n\n<hr class=\"wp-block-separator has-text-color has-alpha-channel-opacity has-background is-style-wide\" style=\"background-color:#ebebeb;color:#ebebeb\"\/>\n\n\n\n<div class=\"wp-block-columns is-layout-flex wp-container-core-columns-is-layout-28f84493 wp-block-columns-is-layout-flex\">\n<div class=\"wp-block-column is-layout-flow wp-block-column-is-layout-flow\" style=\"flex-basis:88%\">\n<p class=\"has-text-align-left has-text-color has-link-color has-alata-font-family wp-elements-ec2808bb32d09df9b8c678fba81013c5\" style=\"color:#870506;margin-top:0;margin-right:0;margin-bottom:0;margin-left:0;font-size:1.9rem\">Guiratinga \/ Mato Grosso<\/p>\n\n\n\n<p class=\"has-text-align-left has-medium-font-size\" style=\"margin-top:0;margin-right:0;margin-bottom:0;margin-left:0;padding-top:0;padding-bottom:0\"><strong>Os Caretas de Guiratinga<\/strong><\/p>\n\n\n\n<p><strong>Tipo de M\u00e1scara<\/strong><br>M\u00e1scaras inteiras grandes e expressivas com o intuito de serem bem assustadoras<\/p>\n\n\n\n<p><strong>Material utilizado na confec\u00e7\u00e3o da M\u00e1scara<\/strong><br>Confeccionadas em papel e materiais recicl\u00e1veis, cores fortes \/ escuras e grande presen\u00e7a de chifres \/ dentes grandes. Figuras n\u00e3o humanas.<\/p>\n\n\n\n<p><strong>Pessoas \/ Refer\u00eancia<\/strong><br><strong>Bloco dos Caretas de Guiratinga:<\/strong> <a href=\"https:\/\/www.instagram.com\/blocodoscaretas\/\" data-type=\"link\" data-id=\"https:\/\/www.instagram.com\/boideseuteodoro\/\">@blocodoscaretas<\/a><\/p>\n\n\n\n<p><em>&#8220;A tradi\u00e7\u00e3o dos Caretas, que come\u00e7ou <strong>71 anos atr\u00e1s<\/strong>, \u00e9 sair pelas ruas com m\u00e1scaras bem assustadoras.<br>Depois do desfile dos Caretas, o destino \u00e9 a pra\u00e7a central da cidade, que fica lotada. No palco, m\u00fasica para todos os gostos.&#8221;<\/em><\/p>\n\n\n\n<p><strong>Fontes<\/strong><br><strong>V\u00eddeo:<\/strong> <a class=\"\" href=\"https:\/\/www.youtube.com\/watch?v=P1LJMNBcAME\">https:\/\/www.youtube.com\/<\/a><br><strong>Mat\u00e9ria:<\/strong> <a>https:\/\/g1.globo.com\/<\/a><\/p>\n<\/div>\n\n\n\n<div class=\"wp-block-column is-vertically-aligned-center is-layout-flow wp-block-column-is-layout-flow\" style=\"flex-basis:12%\">\n<figure class=\"wp-block-image aligncenter size-full\"><img loading=\"lazy\" decoding=\"async\" width=\"131\" height=\"518\" src=\"https:\/\/mascarante.eba.ufmg.br\/wp-content\/uploads\/2025\/08\/figuras-02.png\" alt=\"\" class=\"wp-image-254\" srcset=\"https:\/\/mascarante.eba.ufmg.br\/wp-content\/uploads\/2025\/08\/figuras-02.png 131w, https:\/\/mascarante.eba.ufmg.br\/wp-content\/uploads\/2025\/08\/figuras-02-76x300.png 76w\" sizes=\"auto, (max-width: 131px) 100vw, 131px\" \/><\/figure>\n<\/div>\n<\/div>\n\n\n\n<hr class=\"wp-block-separator has-text-color has-alpha-channel-opacity has-background is-style-wide\" style=\"background-color:#ebebeb;color:#ebebeb\"\/>\n\n\n\n<div class=\"wp-block-columns is-layout-flex wp-container-core-columns-is-layout-28f84493 wp-block-columns-is-layout-flex\">\n<div class=\"wp-block-column is-layout-flow wp-block-column-is-layout-flow\" style=\"flex-basis:88%\">\n<p class=\"has-text-align-left has-text-color has-link-color has-alata-font-family wp-elements-fde12812193afbb421c15ba90057e2c2\" style=\"color:#870506;margin-top:0;margin-right:0;margin-bottom:0;margin-left:0;font-size:1.9rem\">Pocon\u00e9 \/ Mato Grosso<\/p>\n\n\n\n<p class=\"has-text-align-left has-medium-font-size\" style=\"margin-top:0;margin-right:0;margin-bottom:0;margin-left:0;padding-top:0;padding-bottom:0\"><strong>Dan\u00e7a dos Mascarados e Cavalhadas de Pocon\u00e9<\/strong><\/p>\n\n\n\n<p><strong>Tipo de M\u00e1scara<\/strong><br>M\u00e1scara inteira de rosto &#8211; fazendo parte da composi\u00e7\u00e3o do figurino. Todo corpo \u00e9 coberto, compondo o mascaramento completo<\/p>\n\n\n\n<p><strong>Material utilizado na confec\u00e7\u00e3o da M\u00e1scara<\/strong><br>M\u00e1scaras feitas de tela de arame. Roupas coloridas e extravagantes \/ uso de penas, plumas, etc.<\/p>\n\n\n\n<p><strong>Pessoas \/ Refer\u00eancia<\/strong><br><strong>Grupo de Mascarados de Pocon\u00e9:<\/strong> <a href=\"https:\/\/www.instagram.com\/grupomascaradosdepocone\" data-type=\"link\" data-id=\"https:\/\/www.instagram.com\/grupomascaradosdepocone\">@grupomascaradosdepocone<\/a><\/p>\n\n\n\n<p><em>&#8220;\u00c9 uma dan\u00e7a tradicional e folcl\u00f3rica de Pocon\u00e9, sendo \u00fanica no Brasil, muito apreciada nas festas de manifesta\u00e7\u00f5es religiosas e culturais, ocorrendo no dia de encerramento das principais festas, no ato cultural conhecido como &#8216;arco da ilumina\u00e7\u00e3o&#8217;, quando a apresenta\u00e7\u00e3o do grupo \u00e9 a atra\u00e7\u00e3o principal.<\/em><\/p>\n\n\n\n<p><em>\u00c9 uma dan\u00e7a com origem nos costumes ind\u00edgenas, enriquecida pelos colonizadores espanh\u00f3is e portugueses que chegaram a Pocon\u00e9. Os componentes s\u00e3o apenas homens, que desempenham fun\u00e7\u00f5es de damas e gal\u00e3s.<br>A dan\u00e7a \u00e9 apresentada em 12 partes, com os integrantes usando m\u00e1scaras para n\u00e3o serem identificados.<br>As vestimentas s\u00e3o compostas por roupas coloridas e chap\u00e9us com plumas, espelhos e outros adere\u00e7os, todos ricamente bordados e enfeitados com lantejoulas, brilho e detalhes aut\u00eanticos.<br>A manuten\u00e7\u00e3o dos figurinos \u00e9 feita voluntariamente pelos integrantes, e o grupo \u00e9 dividido em categorias que envolvem crian\u00e7as, jovens e adultos.&#8221;<\/em><\/p>\n\n\n\n<p><strong>Fonte:<\/strong> <a href=\"https:\/\/ouvidoria.pocone.mt.gov.br\/Carta-Servicos\/Servico\/Grupo-folclorico--390\">https:\/\/ouvidoria.pocone.mt.gov.br\/<\/a><\/p>\n<\/div>\n\n\n\n<div class=\"wp-block-column is-vertically-aligned-center is-layout-flow wp-block-column-is-layout-flow\" style=\"flex-basis:12%\">\n<figure class=\"wp-block-image aligncenter size-full\"><img loading=\"lazy\" decoding=\"async\" width=\"133\" height=\"516\" src=\"https:\/\/mascarante.eba.ufmg.br\/wp-content\/uploads\/2025\/08\/figuras-03.png\" alt=\"\" class=\"wp-image-261\" srcset=\"https:\/\/mascarante.eba.ufmg.br\/wp-content\/uploads\/2025\/08\/figuras-03.png 133w, https:\/\/mascarante.eba.ufmg.br\/wp-content\/uploads\/2025\/08\/figuras-03-77x300.png 77w\" sizes=\"auto, (max-width: 133px) 100vw, 133px\" \/><\/figure>\n<\/div>\n<\/div>\n\n\n\n<hr class=\"wp-block-separator has-text-color has-alpha-channel-opacity has-background is-style-wide\" style=\"background-color:#ebebeb;color:#ebebeb\"\/>\n\n\n\n<div class=\"wp-block-columns is-layout-flex wp-container-core-columns-is-layout-28f84493 wp-block-columns-is-layout-flex\">\n<div class=\"wp-block-column is-layout-flow wp-block-column-is-layout-flow\" style=\"flex-basis:88%\">\n<p class=\"has-text-align-left has-text-color has-link-color has-alata-font-family wp-elements-d8bc0850fa0538a0c35ad709005722b1\" style=\"color:#870506;margin-top:0;margin-right:0;margin-bottom:0;margin-left:0;font-size:1.9rem\">Piren\u00f3polis \/ Goi\u00e1s<\/p>\n\n\n\n<p class=\"has-text-align-left has-medium-font-size\" style=\"margin-top:0;margin-right:0;margin-bottom:0;margin-left:0;padding-top:0;padding-bottom:0\"><strong>Cavalhada de Piren\u00f3polis<\/strong><\/p>\n\n\n\n<p><strong>Tipo de M\u00e1scara<\/strong><br>M\u00e1scara inteira de rosto &#8211; fazendo parte da composi\u00e7\u00e3o do figurino. S\u00e3o conhecidos como os mascarados, todo o corpo \u00e9 coberto<\/p>\n\n\n\n<p><strong>Material utilizado na confec\u00e7\u00e3o da M\u00e1scara<\/strong><br>M\u00e1scaras feitas de cetim, coloridas e extravagantes<\/p>\n\n\n\n<p><strong>Pessoas \/ Refer\u00eancia<\/strong><br><strong>Museu das Cavalhadas:<\/strong> <a href=\"https:\/\/museudascavalhadas.com.br\" data-type=\"link\" data-id=\"https:\/\/museudascavalhadas.com.br\">https:\/\/museudascavalhadas.com.br<\/a><\/p>\n\n\n\n<p><em>&#8220;Outro \u00edcone marcante das Cavalhadas s\u00e3o os <strong>Mascarados<\/strong>, verdadeiros \u00edcones de alegria, algazarra, folclore e de liberdade art\u00edstica. Eles cobrem todo o corpo para n\u00e3o serem identificados, podendo at\u00e9 mudar a voz. Suas roupas de cetim s\u00e3o coloridas e extravagantes. Usam m\u00e1scaras tradicionais, feitas de papel, imitando caras de boi, on\u00e7a e homem, enfeitadas com flores de papel. A figura do mascarado desperta curiosidade e tem importante participa\u00e7\u00e3o nas Cavalhadas.&#8221;<\/em><\/p>\n\n\n\n<p><strong>Fontes<\/strong><br><a href=\"https:\/\/www.agitapirenopolis.com.br\/cidade-de-pirenopolis\/cavalhadas-de-pirenopolis\">https:\/\/www.agitapirenopolis.com.br\/<\/a><br><a href=\"https:\/\/museudascavalhadas.com.br\/\">https:\/\/museudascavalhadas.com.br\/<\/a><\/p>\n<\/div>\n\n\n\n<div class=\"wp-block-column is-vertically-aligned-center is-layout-flow wp-block-column-is-layout-flow\" style=\"flex-basis:12%\">\n<figure class=\"wp-block-image aligncenter size-full\"><img loading=\"lazy\" decoding=\"async\" width=\"133\" height=\"519\" src=\"https:\/\/mascarante.eba.ufmg.br\/wp-content\/uploads\/2025\/08\/figuras-04.png\" alt=\"\" class=\"wp-image-266\" srcset=\"https:\/\/mascarante.eba.ufmg.br\/wp-content\/uploads\/2025\/08\/figuras-04.png 133w, https:\/\/mascarante.eba.ufmg.br\/wp-content\/uploads\/2025\/08\/figuras-04-77x300.png 77w\" sizes=\"auto, (max-width: 133px) 100vw, 133px\" \/><\/figure>\n<\/div>\n<\/div>\n<\/div>\n\n\n\n<div class=\"wp-block-group alignfull is-vertical is-content-justification-center is-layout-flex wp-container-core-group-is-layout-ce155fab wp-block-group-is-layout-flex\">\n<figure class=\"wp-block-image aligncenter size-large is-resized\"><img loading=\"lazy\" decoding=\"async\" width=\"1024\" height=\"768\" src=\"https:\/\/mascarante.eba.ufmg.br\/wp-content\/uploads\/2026\/04\/1000040207-1024x768.png\" alt=\"\" class=\"wp-image-584\" style=\"width:531px;height:auto\" srcset=\"https:\/\/mascarante.eba.ufmg.br\/wp-content\/uploads\/2026\/04\/1000040207-1024x768.png 1024w, https:\/\/mascarante.eba.ufmg.br\/wp-content\/uploads\/2026\/04\/1000040207-300x225.png 300w, https:\/\/mascarante.eba.ufmg.br\/wp-content\/uploads\/2026\/04\/1000040207-768x576.png 768w, https:\/\/mascarante.eba.ufmg.br\/wp-content\/uploads\/2026\/04\/1000040207-1536x1152.png 1536w, https:\/\/mascarante.eba.ufmg.br\/wp-content\/uploads\/2026\/04\/1000040207-2048x1536.png 2048w\" sizes=\"auto, (max-width: 1024px) 100vw, 1024px\" \/><\/figure>\n<\/div>\n<\/div>\n","protected":false},"excerpt":{"rendered":"<p>(teatralidades brasileiras) Distrito Federal Boi de Seu Teodoro Tipo de M\u00e1scaraM\u00e1scaras inteiras de rosto &#8211; maiores que o rosto humano, m\u00e1scaras de boi, brincantes \/ cantadores e tocadores Material utilizado na confec\u00e7\u00e3o da M\u00e1scaraCazumb\u00e1: Jun\u00e7\u00e3o de tecidos com estrutura mais r\u00edgida nas orelhas e nariz;Boi: Sua saia \/ capa \u00e9 completamente bordada a m\u00e3o, formando [&hellip;]<\/p>\n","protected":false},"author":1,"featured_media":0,"parent":151,"menu_order":0,"comment_status":"closed","ping_status":"closed","template":"","meta":{"mascarante_color":"#039ddb","mascarante_title_color":"","footnotes":""},"class_list":["post-234","page","type-page","status-publish","hentry"],"_links":{"self":[{"href":"https:\/\/mascarante.eba.ufmg.br\/index.php\/wp-json\/wp\/v2\/pages\/234","targetHints":{"allow":["GET"]}}],"collection":[{"href":"https:\/\/mascarante.eba.ufmg.br\/index.php\/wp-json\/wp\/v2\/pages"}],"about":[{"href":"https:\/\/mascarante.eba.ufmg.br\/index.php\/wp-json\/wp\/v2\/types\/page"}],"author":[{"embeddable":true,"href":"https:\/\/mascarante.eba.ufmg.br\/index.php\/wp-json\/wp\/v2\/users\/1"}],"replies":[{"embeddable":true,"href":"https:\/\/mascarante.eba.ufmg.br\/index.php\/wp-json\/wp\/v2\/comments?post=234"}],"version-history":[{"count":30,"href":"https:\/\/mascarante.eba.ufmg.br\/index.php\/wp-json\/wp\/v2\/pages\/234\/revisions"}],"predecessor-version":[{"id":600,"href":"https:\/\/mascarante.eba.ufmg.br\/index.php\/wp-json\/wp\/v2\/pages\/234\/revisions\/600"}],"up":[{"embeddable":true,"href":"https:\/\/mascarante.eba.ufmg.br\/index.php\/wp-json\/wp\/v2\/pages\/151"}],"wp:attachment":[{"href":"https:\/\/mascarante.eba.ufmg.br\/index.php\/wp-json\/wp\/v2\/media?parent=234"}],"curies":[{"name":"wp","href":"https:\/\/api.w.org\/{rel}","templated":true}]}}