{"id":13,"date":"2025-07-21T14:06:11","date_gmt":"2025-07-21T17:06:11","guid":{"rendered":"https:\/\/mascarante.eba.ufmg.br\/?page_id=13"},"modified":"2025-08-19T00:18:32","modified_gmt":"2025-08-19T03:18:32","slug":"curiosidades","status":"publish","type":"page","link":"https:\/\/mascarante.eba.ufmg.br\/index.php\/curiosidades\/","title":{"rendered":"Curiosidades"},"content":{"rendered":"\n<div class=\"wp-block-group alignwide has-global-padding is-layout-constrained wp-container-core-group-is-layout-639b5052 wp-block-group-is-layout-constrained\" style=\"padding-top:0;padding-right:0;padding-bottom:0;padding-left:0\">\n<div class=\"wp-block-group alignwide has-white-background-color has-background is-layout-flow wp-block-group-is-layout-flow\" style=\"padding-top:var(--wp--preset--spacing--50);padding-right:var(--wp--preset--spacing--50);padding-bottom:var(--wp--preset--spacing--50);padding-left:var(--wp--preset--spacing--50)\">\n<p><strong>Museus e grupos que trabalham com m\u00e1scaras:<\/strong><\/p>\n\n\n\n<p><a href=\"https:\/\/yuyachkani.org\/\"><strong>Yuyachkani<\/strong><\/a> (Peru)<\/p>\n\n\n\n<p><a href=\"https:\/\/www.theatre-du-soleil.fr\/fr\/\"><strong>Th\u00e9\u00e2tre du Soleil<\/strong><\/a> (Fran\u00e7a)<\/p>\n\n\n\n<p><a href=\"http:\/\/www.sartorimaskmuseum.it\/\"><strong>Museo Internazionale della Maschera Amleto e Donato Sartori<\/strong><\/a> (It\u00e1lia)<\/p>\n\n\n\n<p><a href=\"https:\/\/giramundo.org\/\"><strong>Giramundo<\/strong><\/a> (Brasil)<\/p>\n\n\n\n<p><strong>P\u00e1ginas e sites que divulgam, investigam e celebram o universo das m\u00e1scaras:<\/strong><\/p>\n\n\n\n<p><a href=\"https:\/\/www.facebook.com\/mascaradosafroiberoamericanos\"><strong>Mascarados Afroiberoamericanos<\/strong><\/a><\/p>\n\n\n\n<p><a href=\"https:\/\/www.instagram.com\/maschereatelie\/\"><strong>Maschere Ateli\u00ea<\/strong><\/a><\/p>\n<\/div>\n\n\n\n<div class=\"wp-block-group alignfull is-vertical is-content-justification-center is-layout-flex wp-container-core-group-is-layout-ce155fab wp-block-group-is-layout-flex\">\n<figure class=\"wp-block-image aligncenter size-full is-resized\"><img loading=\"lazy\" decoding=\"async\" width=\"687\" height=\"687\" src=\"https:\/\/mascarante.eba.ufmg.br\/wp-content\/uploads\/2025\/08\/Veia-do-bambu-sem-fundo-pequeno.webp\" alt=\"\" class=\"wp-image-398\" style=\"width:547px;height:auto\" srcset=\"https:\/\/mascarante.eba.ufmg.br\/wp-content\/uploads\/2025\/08\/Veia-do-bambu-sem-fundo-pequeno.webp 687w, https:\/\/mascarante.eba.ufmg.br\/wp-content\/uploads\/2025\/08\/Veia-do-bambu-sem-fundo-pequeno-300x300.webp 300w, https:\/\/mascarante.eba.ufmg.br\/wp-content\/uploads\/2025\/08\/Veia-do-bambu-sem-fundo-pequeno-150x150.webp 150w\" sizes=\"auto, (max-width: 687px) 100vw, 687px\" \/><\/figure>\n<\/div>\n<\/div>\n","protected":false},"excerpt":{"rendered":"<p>Museus e grupos que trabalham com m\u00e1scaras: Yuyachkani (Peru) Th\u00e9\u00e2tre du Soleil (Fran\u00e7a) Museo Internazionale della Maschera Amleto e Donato Sartori (It\u00e1lia) Giramundo (Brasil) P\u00e1ginas e sites que divulgam, investigam e celebram o universo das m\u00e1scaras: Mascarados Afroiberoamericanos Maschere Ateli\u00ea<\/p>\n","protected":false},"author":1,"featured_media":0,"parent":0,"menu_order":0,"comment_status":"closed","ping_status":"closed","template":"","meta":{"mascarante_color":"#f23845","mascarante_title_color":"","footnotes":""},"class_list":["post-13","page","type-page","status-publish","hentry"],"_links":{"self":[{"href":"https:\/\/mascarante.eba.ufmg.br\/index.php\/wp-json\/wp\/v2\/pages\/13","targetHints":{"allow":["GET"]}}],"collection":[{"href":"https:\/\/mascarante.eba.ufmg.br\/index.php\/wp-json\/wp\/v2\/pages"}],"about":[{"href":"https:\/\/mascarante.eba.ufmg.br\/index.php\/wp-json\/wp\/v2\/types\/page"}],"author":[{"embeddable":true,"href":"https:\/\/mascarante.eba.ufmg.br\/index.php\/wp-json\/wp\/v2\/users\/1"}],"replies":[{"embeddable":true,"href":"https:\/\/mascarante.eba.ufmg.br\/index.php\/wp-json\/wp\/v2\/comments?post=13"}],"version-history":[{"count":4,"href":"https:\/\/mascarante.eba.ufmg.br\/index.php\/wp-json\/wp\/v2\/pages\/13\/revisions"}],"predecessor-version":[{"id":451,"href":"https:\/\/mascarante.eba.ufmg.br\/index.php\/wp-json\/wp\/v2\/pages\/13\/revisions\/451"}],"wp:attachment":[{"href":"https:\/\/mascarante.eba.ufmg.br\/index.php\/wp-json\/wp\/v2\/media?parent=13"}],"curies":[{"name":"wp","href":"https:\/\/api.w.org\/{rel}","templated":true}]}}